{"id":6327,"date":"2026-02-10T11:21:13","date_gmt":"2026-02-10T11:21:13","guid":{"rendered":"https:\/\/xn--gsto-0ra.ch\/product\/handwerkliche-oster-colomba-mit-weisser-schokolade\/"},"modified":"2026-02-13T11:23:55","modified_gmt":"2026-02-13T11:23:55","slug":"handwerkliche-oster-colomba-mit-weisser-schokolade","status":"publish","type":"product","link":"https:\/\/xn--gsto-0ra.ch\/de\/produkt\/handwerkliche-oster-colomba-mit-weisser-schokolade\/","title":{"rendered":"Handwerkliche Oster-Colomba mit wei\u00dfer Schokolade"},"content":{"rendered":"<p data-start=\"1053\" data-end=\"1293\">Unsere <strong>handwerkliche Colomba mit wei\u00dfer Schokolade<\/strong> entsteht durch langsame und geduldige Verarbeitung nach traditioneller Art.<br data-start=\"1177\" data-end=\"1180\" \/>Der Teig ruht nat\u00fcrlich, um eine weiche Konsistenz und ein unverwechselbares Aroma zu entfalten.<\/p>\n<p data-start=\"1295\" data-end=\"1467\">\u00dcberzogen mit einer <strong>zarten Glasur aus wei\u00dfer Schokolade und verfeinert mit knusprigen Splittern<\/strong>, ist sie das ideale Geb\u00e4ck, um Ostern mit elegantem Geschmack und handwerklicher Qualit\u00e4t zu feiern.<\/p>\n<p data-start=\"1469\" data-end=\"1509\"><strong>Inklusive Mandel-Streichcreme!<\/strong><\/p>\n","protected":false},"excerpt":{"rendered":"<p data-start=\"1534\" data-end=\"1785\">Handwerkliche Oster-Colomba mit nat\u00fcrlicher G\u00e4rung, weich und duftend, mit wei\u00dfer Schokolade \u00fcberzogen, zubereitet mit ausgew\u00e4hlten Zutaten nach traditionellem Rezept, inklusive Mandel-Streichcreme. Perfekt zum Teilen oder Verschenken.<\/p>\n<p data-start=\"1787\" data-end=\"1816\"><strong>W\u00c4HLEN SIE DAS GEW\u00dcNSCHTE GEWICHT:<\/strong><\/p>\n","protected":false},"featured_media":6276,"template":"","meta":{"_uag_custom_page_level_css":"","site-sidebar-layout":"default","site-content-layout":"default","ast-site-content-layout":"default","site-content-style":"default","site-sidebar-style":"default","ast-global-header-display":"","ast-banner-title-visibility":"","ast-main-header-display":"","ast-hfb-above-header-display":"","ast-hfb-below-header-display":"","ast-hfb-mobile-header-display":"","site-post-title":"","ast-breadcrumbs-content":"","ast-featured-img":"","footer-sml-layout":"","ast-disable-related-posts":"","theme-transparent-header-meta":"default","adv-header-id-meta":"","stick-header-meta":"","header-above-stick-meta":"","header-main-stick-meta":"","header-below-stick-meta":"","astra-migrate-meta-layouts":"set","ast-page-background-enabled":"default","ast-page-background-meta":{"desktop":{"background-color":"","background-image":"","background-repeat":"repeat","background-position":"center center","background-size":"auto","background-attachment":"scroll","background-type":"","background-media":"","overlay-type":"","overlay-color":"","overlay-opacity":"","overlay-gradient":""},"tablet":{"background-color":"","background-image":"","background-repeat":"repeat","background-position":"center center","background-size":"auto","background-attachment":"scroll","background-type":"","background-media":"","overlay-type":"","overlay-color":"","overlay-opacity":"","overlay-gradient":""},"mobile":{"background-color":"","background-image":"","background-repeat":"repeat","background-position":"center center","background-size":"auto","background-attachment":"scroll","background-type":"","background-media":"","overlay-type":"","overlay-color":"","overlay-opacity":"","overlay-gradient":""}},"ast-content-background-meta":{"desktop":{"background-color":"var(--ast-global-color-5)","background-image":"","background-repeat":"repeat","background-position":"center center","background-size":"auto","background-attachment":"scroll","background-type":"","background-media":"","overlay-type":"","overlay-color":"","overlay-opacity":"","overlay-gradient":""},"tablet":{"background-color":"var(--ast-global-color-5)","background-image":"","background-repeat":"repeat","background-position":"center center","background-size":"auto","background-attachment":"scroll","background-type":"","background-media":"","overlay-type":"","overlay-color":"","overlay-opacity":"","overlay-gradient":""},"mobile":{"background-color":"var(--ast-global-color-5)","background-image":"","background-repeat":"repeat","background-position":"center center","background-size":"auto","background-attachment":"scroll","background-type":"","background-media":"","overlay-type":"","overlay-color":"","overlay-opacity":"","overlay-gradient":""}}},"product_brand":[],"product_cat":[44],"product_tag":[],"class_list":{"0":"post-6327","1":"product","2":"type-product","3":"status-publish","4":"has-post-thumbnail","6":"product_cat-colombe","7":"desktop-align-center","8":"tablet-align-center","9":"mobile-align-center","11":"first","12":"outofstock","13":"sale","14":"featured","15":"shipping-taxable","16":"purchasable","17":"product-type-variable"},"yoast_head":"<!-- This site is optimized with the Yoast SEO plugin v27.5 - https:\/\/yoast.com\/product\/yoast-seo-wordpress\/ -->\n<title>Handwerkliche Oster-Colomba mit wei\u00dfer Schokolade - g\u00fcsto.ch<\/title>\n<meta name=\"robots\" content=\"index, follow, max-snippet:-1, max-image-preview:large, max-video-preview:-1\" \/>\n<link rel=\"canonical\" href=\"https:\/\/xn--gsto-0ra.ch\/de\/produkt\/handwerkliche-oster-colomba-mit-weisser-schokolade\/\" \/>\n<meta property=\"og:locale\" content=\"de_DE\" \/>\n<meta property=\"og:type\" content=\"article\" \/>\n<meta property=\"og:title\" content=\"Handwerkliche Oster-Colomba mit wei\u00dfer Schokolade - g\u00fcsto.ch\" \/>\n<meta property=\"og:description\" content=\"Handwerkliche Oster-Colomba mit nat\u00fcrlicher G\u00e4rung, weich und duftend, mit wei\u00dfer Schokolade \u00fcberzogen, zubereitet mit ausgew\u00e4hlten Zutaten nach traditionellem Rezept, inklusive Mandel-Streichcreme. Perfekt zum Teilen oder Verschenken. W\u00c4HLEN SIE DAS GEW\u00dcNSCHTE GEWICHT:\" \/>\n<meta property=\"og:url\" content=\"https:\/\/xn--gsto-0ra.ch\/de\/produkt\/handwerkliche-oster-colomba-mit-weisser-schokolade\/\" \/>\n<meta property=\"og:site_name\" content=\"g\u00fcsto.ch\" \/>\n<meta property=\"article:publisher\" content=\"https:\/\/www.facebook.com\/gustonaturalmenteartigianale\/\" \/>\n<meta property=\"article:modified_time\" content=\"2026-02-13T11:23:55+00:00\" \/>\n<meta property=\"og:image\" content=\"https:\/\/xn--gsto-0ra.ch\/wp-content\/uploads\/2026\/02\/7-1.png\" \/>\n\t<meta property=\"og:image:width\" content=\"1000\" \/>\n\t<meta property=\"og:image:height\" content=\"1000\" \/>\n\t<meta property=\"og:image:type\" content=\"image\/png\" \/>\n<meta name=\"twitter:card\" content=\"summary_large_image\" \/>\n<meta name=\"twitter:label1\" content=\"Gesch\u00e4tzte Lesezeit\" \/>\n\t<meta name=\"twitter:data1\" content=\"1\u00a0Minute\" \/>\n<script type=\"application\/ld+json\" class=\"yoast-schema-graph\">{\"@context\":\"https:\\\/\\\/schema.org\",\"@graph\":[{\"@type\":\"WebPage\",\"@id\":\"https:\\\/\\\/xn--gsto-0ra.ch\\\/de\\\/produkt\\\/handwerkliche-oster-colomba-mit-weisser-schokolade\\\/\",\"url\":\"https:\\\/\\\/xn--gsto-0ra.ch\\\/de\\\/produkt\\\/handwerkliche-oster-colomba-mit-weisser-schokolade\\\/\",\"name\":\"Handwerkliche Oster-Colomba mit wei\u00dfer Schokolade - g\u00fcsto.ch\",\"isPartOf\":{\"@id\":\"https:\\\/\\\/xn--gsto-0ra.ch\\\/de\\\/#website\"},\"primaryImageOfPage\":{\"@id\":\"https:\\\/\\\/xn--gsto-0ra.ch\\\/de\\\/produkt\\\/handwerkliche-oster-colomba-mit-weisser-schokolade\\\/#primaryimage\"},\"image\":{\"@id\":\"https:\\\/\\\/xn--gsto-0ra.ch\\\/de\\\/produkt\\\/handwerkliche-oster-colomba-mit-weisser-schokolade\\\/#primaryimage\"},\"thumbnailUrl\":\"https:\\\/\\\/xn--gsto-0ra.ch\\\/wp-content\\\/uploads\\\/2026\\\/01\\\/Colmba-7.png\",\"datePublished\":\"2026-02-10T11:21:13+00:00\",\"dateModified\":\"2026-02-13T11:23:55+00:00\",\"breadcrumb\":{\"@id\":\"https:\\\/\\\/xn--gsto-0ra.ch\\\/de\\\/produkt\\\/handwerkliche-oster-colomba-mit-weisser-schokolade\\\/#breadcrumb\"},\"inLanguage\":\"de\",\"potentialAction\":[{\"@type\":\"ReadAction\",\"target\":[\"https:\\\/\\\/xn--gsto-0ra.ch\\\/de\\\/produkt\\\/handwerkliche-oster-colomba-mit-weisser-schokolade\\\/\"]}]},{\"@type\":\"ImageObject\",\"inLanguage\":\"de\",\"@id\":\"https:\\\/\\\/xn--gsto-0ra.ch\\\/de\\\/produkt\\\/handwerkliche-oster-colomba-mit-weisser-schokolade\\\/#primaryimage\",\"url\":\"https:\\\/\\\/xn--gsto-0ra.ch\\\/wp-content\\\/uploads\\\/2026\\\/01\\\/Colmba-7.png\",\"contentUrl\":\"https:\\\/\\\/xn--gsto-0ra.ch\\\/wp-content\\\/uploads\\\/2026\\\/01\\\/Colmba-7.png\",\"width\":1000,\"height\":1000},{\"@type\":\"BreadcrumbList\",\"@id\":\"https:\\\/\\\/xn--gsto-0ra.ch\\\/de\\\/produkt\\\/handwerkliche-oster-colomba-mit-weisser-schokolade\\\/#breadcrumb\",\"itemListElement\":[{\"@type\":\"ListItem\",\"position\":1,\"name\":\"Home\",\"item\":\"https:\\\/\\\/xn--gsto-0ra.ch\\\/de\\\/\"},{\"@type\":\"ListItem\",\"position\":2,\"name\":\"Shop\",\"item\":\"https:\\\/\\\/xn--gsto-0ra.ch\\\/de\\\/shop\\\/\"},{\"@type\":\"ListItem\",\"position\":3,\"name\":\"Handwerkliche Oster-Colomba mit wei\u00dfer Schokolade\"}]},{\"@type\":\"WebSite\",\"@id\":\"https:\\\/\\\/xn--gsto-0ra.ch\\\/de\\\/#website\",\"url\":\"https:\\\/\\\/xn--gsto-0ra.ch\\\/de\\\/\",\"name\":\"g\u00fcsto.ch\",\"description\":\"\",\"publisher\":{\"@id\":\"https:\\\/\\\/xn--gsto-0ra.ch\\\/de\\\/#organization\"},\"potentialAction\":[{\"@type\":\"SearchAction\",\"target\":{\"@type\":\"EntryPoint\",\"urlTemplate\":\"https:\\\/\\\/xn--gsto-0ra.ch\\\/de\\\/?s={search_term_string}\"},\"query-input\":{\"@type\":\"PropertyValueSpecification\",\"valueRequired\":true,\"valueName\":\"search_term_string\"}}],\"inLanguage\":\"de\"},{\"@type\":\"Organization\",\"@id\":\"https:\\\/\\\/xn--gsto-0ra.ch\\\/de\\\/#organization\",\"name\":\"G\u00fcsto | Naturalmente artigianale\",\"url\":\"https:\\\/\\\/xn--gsto-0ra.ch\\\/de\\\/\",\"logo\":{\"@type\":\"ImageObject\",\"inLanguage\":\"de\",\"@id\":\"https:\\\/\\\/xn--gsto-0ra.ch\\\/de\\\/#\\\/schema\\\/logo\\\/image\\\/\",\"url\":\"https:\\\/\\\/xn--gsto-0ra.ch\\\/wp-content\\\/uploads\\\/2026\\\/01\\\/Gusto-logo.webp\",\"contentUrl\":\"https:\\\/\\\/xn--gsto-0ra.ch\\\/wp-content\\\/uploads\\\/2026\\\/01\\\/Gusto-logo.webp\",\"width\":200,\"height\":94,\"caption\":\"G\u00fcsto | Naturalmente artigianale\"},\"image\":{\"@id\":\"https:\\\/\\\/xn--gsto-0ra.ch\\\/de\\\/#\\\/schema\\\/logo\\\/image\\\/\"},\"sameAs\":[\"https:\\\/\\\/www.facebook.com\\\/gustonaturalmenteartigianale\\\/\",\"https:\\\/\\\/www.instagram.com\\\/gusto_naturalmente_artigianale\\\/\"]}]}<\/script>\n<!-- \/ Yoast SEO plugin. -->","yoast_head_json":{"title":"Handwerkliche Oster-Colomba mit wei\u00dfer Schokolade - g\u00fcsto.ch","robots":{"index":"index","follow":"follow","max-snippet":"max-snippet:-1","max-image-preview":"max-image-preview:large","max-video-preview":"max-video-preview:-1"},"canonical":"https:\/\/xn--gsto-0ra.ch\/de\/produkt\/handwerkliche-oster-colomba-mit-weisser-schokolade\/","og_locale":"de_DE","og_type":"article","og_title":"Handwerkliche Oster-Colomba mit wei\u00dfer Schokolade - g\u00fcsto.ch","og_description":"Handwerkliche Oster-Colomba mit nat\u00fcrlicher G\u00e4rung, weich und duftend, mit wei\u00dfer Schokolade \u00fcberzogen, zubereitet mit ausgew\u00e4hlten Zutaten nach traditionellem Rezept, inklusive Mandel-Streichcreme. Perfekt zum Teilen oder Verschenken. W\u00c4HLEN SIE DAS GEW\u00dcNSCHTE GEWICHT:","og_url":"https:\/\/xn--gsto-0ra.ch\/de\/produkt\/handwerkliche-oster-colomba-mit-weisser-schokolade\/","og_site_name":"g\u00fcsto.ch","article_publisher":"https:\/\/www.facebook.com\/gustonaturalmenteartigianale\/","article_modified_time":"2026-02-13T11:23:55+00:00","og_image":[{"width":1000,"height":1000,"url":"https:\/\/xn--gsto-0ra.ch\/wp-content\/uploads\/2026\/02\/7-1.png","type":"image\/png"}],"twitter_card":"summary_large_image","twitter_misc":{"Gesch\u00e4tzte Lesezeit":"1\u00a0Minute"},"schema":{"@context":"https:\/\/schema.org","@graph":[{"@type":"WebPage","@id":"https:\/\/xn--gsto-0ra.ch\/de\/produkt\/handwerkliche-oster-colomba-mit-weisser-schokolade\/","url":"https:\/\/xn--gsto-0ra.ch\/de\/produkt\/handwerkliche-oster-colomba-mit-weisser-schokolade\/","name":"Handwerkliche Oster-Colomba mit wei\u00dfer Schokolade - g\u00fcsto.ch","isPartOf":{"@id":"https:\/\/xn--gsto-0ra.ch\/de\/#website"},"primaryImageOfPage":{"@id":"https:\/\/xn--gsto-0ra.ch\/de\/produkt\/handwerkliche-oster-colomba-mit-weisser-schokolade\/#primaryimage"},"image":{"@id":"https:\/\/xn--gsto-0ra.ch\/de\/produkt\/handwerkliche-oster-colomba-mit-weisser-schokolade\/#primaryimage"},"thumbnailUrl":"https:\/\/xn--gsto-0ra.ch\/wp-content\/uploads\/2026\/01\/Colmba-7.png","datePublished":"2026-02-10T11:21:13+00:00","dateModified":"2026-02-13T11:23:55+00:00","breadcrumb":{"@id":"https:\/\/xn--gsto-0ra.ch\/de\/produkt\/handwerkliche-oster-colomba-mit-weisser-schokolade\/#breadcrumb"},"inLanguage":"de","potentialAction":[{"@type":"ReadAction","target":["https:\/\/xn--gsto-0ra.ch\/de\/produkt\/handwerkliche-oster-colomba-mit-weisser-schokolade\/"]}]},{"@type":"ImageObject","inLanguage":"de","@id":"https:\/\/xn--gsto-0ra.ch\/de\/produkt\/handwerkliche-oster-colomba-mit-weisser-schokolade\/#primaryimage","url":"https:\/\/xn--gsto-0ra.ch\/wp-content\/uploads\/2026\/01\/Colmba-7.png","contentUrl":"https:\/\/xn--gsto-0ra.ch\/wp-content\/uploads\/2026\/01\/Colmba-7.png","width":1000,"height":1000},{"@type":"BreadcrumbList","@id":"https:\/\/xn--gsto-0ra.ch\/de\/produkt\/handwerkliche-oster-colomba-mit-weisser-schokolade\/#breadcrumb","itemListElement":[{"@type":"ListItem","position":1,"name":"Home","item":"https:\/\/xn--gsto-0ra.ch\/de\/"},{"@type":"ListItem","position":2,"name":"Shop","item":"https:\/\/xn--gsto-0ra.ch\/de\/shop\/"},{"@type":"ListItem","position":3,"name":"Handwerkliche Oster-Colomba mit wei\u00dfer Schokolade"}]},{"@type":"WebSite","@id":"https:\/\/xn--gsto-0ra.ch\/de\/#website","url":"https:\/\/xn--gsto-0ra.ch\/de\/","name":"g\u00fcsto.ch","description":"","publisher":{"@id":"https:\/\/xn--gsto-0ra.ch\/de\/#organization"},"potentialAction":[{"@type":"SearchAction","target":{"@type":"EntryPoint","urlTemplate":"https:\/\/xn--gsto-0ra.ch\/de\/?s={search_term_string}"},"query-input":{"@type":"PropertyValueSpecification","valueRequired":true,"valueName":"search_term_string"}}],"inLanguage":"de"},{"@type":"Organization","@id":"https:\/\/xn--gsto-0ra.ch\/de\/#organization","name":"G\u00fcsto | Naturalmente artigianale","url":"https:\/\/xn--gsto-0ra.ch\/de\/","logo":{"@type":"ImageObject","inLanguage":"de","@id":"https:\/\/xn--gsto-0ra.ch\/de\/#\/schema\/logo\/image\/","url":"https:\/\/xn--gsto-0ra.ch\/wp-content\/uploads\/2026\/01\/Gusto-logo.webp","contentUrl":"https:\/\/xn--gsto-0ra.ch\/wp-content\/uploads\/2026\/01\/Gusto-logo.webp","width":200,"height":94,"caption":"G\u00fcsto | Naturalmente artigianale"},"image":{"@id":"https:\/\/xn--gsto-0ra.ch\/de\/#\/schema\/logo\/image\/"},"sameAs":["https:\/\/www.facebook.com\/gustonaturalmenteartigianale\/","https:\/\/www.instagram.com\/gusto_naturalmente_artigianale\/"]}]}},"uagb_featured_image_src":{"full":["https:\/\/xn--gsto-0ra.ch\/wp-content\/uploads\/2026\/01\/Colmba-7.png",1000,1000,false],"thumbnail":["https:\/\/xn--gsto-0ra.ch\/wp-content\/uploads\/2026\/01\/Colmba-7-150x150.png",150,150,true],"medium":["https:\/\/xn--gsto-0ra.ch\/wp-content\/uploads\/2026\/01\/Colmba-7-300x300.png",300,300,true],"medium_large":["https:\/\/xn--gsto-0ra.ch\/wp-content\/uploads\/2026\/01\/Colmba-7-768x768.png",768,768,true],"large":["https:\/\/xn--gsto-0ra.ch\/wp-content\/uploads\/2026\/01\/Colmba-7.png",1000,1000,false],"1536x1536":["https:\/\/xn--gsto-0ra.ch\/wp-content\/uploads\/2026\/01\/Colmba-7.png",1000,1000,false],"2048x2048":["https:\/\/xn--gsto-0ra.ch\/wp-content\/uploads\/2026\/01\/Colmba-7.png",1000,1000,false],"woocommerce_thumbnail":["https:\/\/xn--gsto-0ra.ch\/wp-content\/uploads\/2026\/01\/Colmba-7-300x300.png",300,300,true],"woocommerce_single":["https:\/\/xn--gsto-0ra.ch\/wp-content\/uploads\/2026\/01\/Colmba-7-600x600.png",600,600,true],"woocommerce_gallery_thumbnail":["https:\/\/xn--gsto-0ra.ch\/wp-content\/uploads\/2026\/01\/Colmba-7-100x100.png",100,100,true]},"uagb_author_info":{"display_name":"giuseppe.cantoni.marketer@gmail.com","author_link":"https:\/\/xn--gsto-0ra.ch\/de\/author\/"},"uagb_comment_info":0,"uagb_excerpt":"Handwerkliche Oster-Colomba mit nat\u00fcrlicher G\u00e4rung, weich und duftend, mit wei\u00dfer Schokolade \u00fcberzogen, zubereitet mit ausgew\u00e4hlten Zutaten nach traditionellem Rezept, inklusive Mandel-Streichcreme. Perfekt zum Teilen oder Verschenken. W\u00c4HLEN SIE DAS GEW\u00dcNSCHTE GEWICHT:","jetpack_sharing_enabled":true,"_links":{"self":[{"href":"https:\/\/xn--gsto-0ra.ch\/de\/wp-json\/wp\/v2\/product\/6327","targetHints":{"allow":["GET"]}}],"collection":[{"href":"https:\/\/xn--gsto-0ra.ch\/de\/wp-json\/wp\/v2\/product"}],"about":[{"href":"https:\/\/xn--gsto-0ra.ch\/de\/wp-json\/wp\/v2\/types\/product"}],"wp:featuredmedia":[{"embeddable":true,"href":"https:\/\/xn--gsto-0ra.ch\/de\/wp-json\/wp\/v2\/media\/6276"}],"wp:attachment":[{"href":"https:\/\/xn--gsto-0ra.ch\/de\/wp-json\/wp\/v2\/media?parent=6327"}],"wp:term":[{"taxonomy":"product_brand","embeddable":true,"href":"https:\/\/xn--gsto-0ra.ch\/de\/wp-json\/wp\/v2\/product_brand?post=6327"},{"taxonomy":"product_cat","embeddable":true,"href":"https:\/\/xn--gsto-0ra.ch\/de\/wp-json\/wp\/v2\/product_cat?post=6327"},{"taxonomy":"product_tag","embeddable":true,"href":"https:\/\/xn--gsto-0ra.ch\/de\/wp-json\/wp\/v2\/product_tag?post=6327"}],"curies":[{"name":"wp","href":"https:\/\/api.w.org\/{rel}","templated":true}]}}