{"id":6661,"date":"2026-02-24T15:26:51","date_gmt":"2026-02-24T15:26:51","guid":{"rendered":"https:\/\/xn--gsto-0ra.ch\/product\/verkostungs-box\/"},"modified":"2026-02-27T05:29:50","modified_gmt":"2026-02-27T05:29:50","slug":"verkostungs-box","status":"publish","type":"product","link":"https:\/\/xn--gsto-0ra.ch\/de\/produkt\/verkostungs-box\/","title":{"rendered":"Verkostungs-BOX"},"content":{"rendered":"<p data-start=\"762\" data-end=\"875\">Eine elegante Auswahl f\u00fcr alle, die unsere gesamten Osterkreationen in einer einzigen L\u00f6sung entdecken m\u00f6chten.<\/p>\n<p data-start=\"877\" data-end=\"1019\">Die <strong data-start=\"880\" data-end=\"906\">Verkostungs-Box G\u00fcsto<\/strong> enth\u00e4lt 4 handwerkliche Colombe \u00e0 100 g, hergestellt mit nat\u00fcrlicher Sauerteigf\u00fchrung und ausgew\u00e4hlten Zutaten:<\/p>\n<p data-start=\"1021\" data-end=\"1124\"><strong data-start=\"1023\" data-end=\"1043\">Colomba Classica<\/strong><br data-start=\"1043\" data-end=\"1046\">Luftig-weicher traditioneller Teig mit sizilianischen Mandeln und frisch kandierter Orange.<\/p>\n<p data-start=\"1126\" data-end=\"1251\"><strong data-start=\"1129\" data-end=\"1154\">Colomba al Cioccolato<\/strong><br data-start=\"1154\" data-end=\"1157\">Mit Schokolade \u00fcberzogen und mit Schokoladenst\u00fcckchen angereichert f\u00fcr einen intensiven, umh\u00fcllenden Geschmack.<\/p>\n<p data-start=\"1253\" data-end=\"1388\"><strong data-start=\"1256\" data-end=\"1288\">Colomba mit wei\u00dfer Schokolade<\/strong><br data-start=\"1288\" data-end=\"1291\">\u00dcberzug aus wei\u00dfer Schokolade f\u00fcr ein noch genussvolleres Erlebnis.<\/p>\n<p data-start=\"1390\" data-end=\"1530\"><strong data-start=\"1393\" data-end=\"1418\">Colomba mit Pistazie<\/strong><br data-start=\"1418\" data-end=\"1421\">\u00dcberzogen mit Pistaziencreme und dekoriert mit gehackten Bronte-Pistazien.<\/p>\n","protected":false},"excerpt":{"rendered":"<p>Eine Reise durch die italienischen Aromen von G\u00fcsto.<br data-start=\"460\" data-end=\"463\">Die Verkostungs-Box enth\u00e4lt 4 handwerkliche Colombe \u00e0 100 g: Classica, Cioccolato, Cioccolato Bianco und Pistacchio. Perfekt zum Verschenken oder um alle unsere Varianten in einer einzigen eleganten Verpackung zu genie\u00dfen.<\/p>\n","protected":false},"featured_media":6655,"template":"","meta":{"_uag_custom_page_level_css":"","site-sidebar-layout":"default","site-content-layout":"","ast-site-content-layout":"default","site-content-style":"default","site-sidebar-style":"default","ast-global-header-display":"","ast-banner-title-visibility":"","ast-main-header-display":"","ast-hfb-above-header-display":"","ast-hfb-below-header-display":"","ast-hfb-mobile-header-display":"","site-post-title":"","ast-breadcrumbs-content":"","ast-featured-img":"","footer-sml-layout":"","ast-disable-related-posts":"","theme-transparent-header-meta":"default","adv-header-id-meta":"","stick-header-meta":"","header-above-stick-meta":"","header-main-stick-meta":"","header-below-stick-meta":"","astra-migrate-meta-layouts":"set","ast-page-background-enabled":"default","ast-page-background-meta":{"desktop":{"background-color":"","background-image":"","background-repeat":"repeat","background-position":"center center","background-size":"auto","background-attachment":"scroll","background-type":"","background-media":"","overlay-type":"","overlay-color":"","overlay-opacity":"","overlay-gradient":""},"tablet":{"background-color":"","background-image":"","background-repeat":"repeat","background-position":"center center","background-size":"auto","background-attachment":"scroll","background-type":"","background-media":"","overlay-type":"","overlay-color":"","overlay-opacity":"","overlay-gradient":""},"mobile":{"background-color":"","background-image":"","background-repeat":"repeat","background-position":"center center","background-size":"auto","background-attachment":"scroll","background-type":"","background-media":"","overlay-type":"","overlay-color":"","overlay-opacity":"","overlay-gradient":""}},"ast-content-background-meta":{"desktop":{"background-color":"var(--ast-global-color-5)","background-image":"","background-repeat":"repeat","background-position":"center center","background-size":"auto","background-attachment":"scroll","background-type":"","background-media":"","overlay-type":"","overlay-color":"","overlay-opacity":"","overlay-gradient":""},"tablet":{"background-color":"var(--ast-global-color-5)","background-image":"","background-repeat":"repeat","background-position":"center center","background-size":"auto","background-attachment":"scroll","background-type":"","background-media":"","overlay-type":"","overlay-color":"","overlay-opacity":"","overlay-gradient":""},"mobile":{"background-color":"var(--ast-global-color-5)","background-image":"","background-repeat":"repeat","background-position":"center center","background-size":"auto","background-attachment":"scroll","background-type":"","background-media":"","overlay-type":"","overlay-color":"","overlay-opacity":"","overlay-gradient":""}}},"product_brand":[],"product_cat":[44],"product_tag":[],"class_list":{"0":"post-6661","1":"product","2":"type-product","3":"status-publish","4":"has-post-thumbnail","6":"product_cat-colombe","7":"desktop-align-center","8":"tablet-align-center","9":"mobile-align-center","11":"first","12":"outofstock","13":"sale","14":"shipping-taxable","15":"purchasable","16":"product-type-simple"},"yoast_head":"<!-- This site is optimized with the Yoast SEO plugin v27.5 - https:\/\/yoast.com\/product\/yoast-seo-wordpress\/ -->\n<title>Verkostungs-BOX - g\u00fcsto.ch<\/title>\n<meta name=\"robots\" content=\"index, follow, max-snippet:-1, max-image-preview:large, max-video-preview:-1\" \/>\n<link rel=\"canonical\" href=\"https:\/\/xn--gsto-0ra.ch\/de\/produkt\/verkostungs-box\/\" \/>\n<meta property=\"og:locale\" content=\"de_DE\" \/>\n<meta property=\"og:type\" content=\"article\" \/>\n<meta property=\"og:title\" content=\"Verkostungs-BOX - g\u00fcsto.ch\" \/>\n<meta property=\"og:description\" content=\"Eine Reise durch die italienischen Aromen von G\u00fcsto.Die Verkostungs-Box enth\u00e4lt 4 handwerkliche Colombe \u00e0 100 g: Classica, Cioccolato, Cioccolato Bianco und Pistacchio. Perfekt zum Verschenken oder um alle unsere Varianten in einer einzigen eleganten Verpackung zu genie\u00dfen.\" \/>\n<meta property=\"og:url\" content=\"https:\/\/xn--gsto-0ra.ch\/de\/produkt\/verkostungs-box\/\" \/>\n<meta property=\"og:site_name\" content=\"g\u00fcsto.ch\" \/>\n<meta property=\"article:publisher\" content=\"https:\/\/www.facebook.com\/gustonaturalmenteartigianale\/\" \/>\n<meta property=\"article:modified_time\" content=\"2026-02-27T05:29:50+00:00\" \/>\n<meta property=\"og:image\" content=\"https:\/\/xn--gsto-0ra.ch\/wp-content\/uploads\/2026\/02\/1-2.webp\" \/>\n\t<meta property=\"og:image:width\" content=\"1000\" \/>\n\t<meta property=\"og:image:height\" content=\"1000\" \/>\n\t<meta property=\"og:image:type\" content=\"image\/webp\" \/>\n<meta name=\"twitter:card\" content=\"summary_large_image\" \/>\n<meta name=\"twitter:label1\" content=\"Gesch\u00e4tzte Lesezeit\" \/>\n\t<meta name=\"twitter:data1\" content=\"1\u00a0Minute\" \/>\n<script type=\"application\/ld+json\" class=\"yoast-schema-graph\">{\"@context\":\"https:\\\/\\\/schema.org\",\"@graph\":[{\"@type\":\"WebPage\",\"@id\":\"https:\\\/\\\/xn--gsto-0ra.ch\\\/de\\\/produkt\\\/verkostungs-box\\\/\",\"url\":\"https:\\\/\\\/xn--gsto-0ra.ch\\\/de\\\/produkt\\\/verkostungs-box\\\/\",\"name\":\"Verkostungs-BOX - g\u00fcsto.ch\",\"isPartOf\":{\"@id\":\"https:\\\/\\\/xn--gsto-0ra.ch\\\/de\\\/#website\"},\"primaryImageOfPage\":{\"@id\":\"https:\\\/\\\/xn--gsto-0ra.ch\\\/de\\\/produkt\\\/verkostungs-box\\\/#primaryimage\"},\"image\":{\"@id\":\"https:\\\/\\\/xn--gsto-0ra.ch\\\/de\\\/produkt\\\/verkostungs-box\\\/#primaryimage\"},\"thumbnailUrl\":\"https:\\\/\\\/xn--gsto-0ra.ch\\\/wp-content\\\/uploads\\\/2026\\\/03\\\/1-1.png\",\"datePublished\":\"2026-02-24T15:26:51+00:00\",\"dateModified\":\"2026-02-27T05:29:50+00:00\",\"breadcrumb\":{\"@id\":\"https:\\\/\\\/xn--gsto-0ra.ch\\\/de\\\/produkt\\\/verkostungs-box\\\/#breadcrumb\"},\"inLanguage\":\"de\",\"potentialAction\":[{\"@type\":\"ReadAction\",\"target\":[\"https:\\\/\\\/xn--gsto-0ra.ch\\\/de\\\/produkt\\\/verkostungs-box\\\/\"]}]},{\"@type\":\"ImageObject\",\"inLanguage\":\"de\",\"@id\":\"https:\\\/\\\/xn--gsto-0ra.ch\\\/de\\\/produkt\\\/verkostungs-box\\\/#primaryimage\",\"url\":\"https:\\\/\\\/xn--gsto-0ra.ch\\\/wp-content\\\/uploads\\\/2026\\\/03\\\/1-1.png\",\"contentUrl\":\"https:\\\/\\\/xn--gsto-0ra.ch\\\/wp-content\\\/uploads\\\/2026\\\/03\\\/1-1.png\",\"width\":1000,\"height\":1000},{\"@type\":\"BreadcrumbList\",\"@id\":\"https:\\\/\\\/xn--gsto-0ra.ch\\\/de\\\/produkt\\\/verkostungs-box\\\/#breadcrumb\",\"itemListElement\":[{\"@type\":\"ListItem\",\"position\":1,\"name\":\"Home\",\"item\":\"https:\\\/\\\/xn--gsto-0ra.ch\\\/de\\\/\"},{\"@type\":\"ListItem\",\"position\":2,\"name\":\"Shop\",\"item\":\"https:\\\/\\\/xn--gsto-0ra.ch\\\/de\\\/shop\\\/\"},{\"@type\":\"ListItem\",\"position\":3,\"name\":\"Verkostungs-BOX\"}]},{\"@type\":\"WebSite\",\"@id\":\"https:\\\/\\\/xn--gsto-0ra.ch\\\/de\\\/#website\",\"url\":\"https:\\\/\\\/xn--gsto-0ra.ch\\\/de\\\/\",\"name\":\"g\u00fcsto.ch\",\"description\":\"\",\"publisher\":{\"@id\":\"https:\\\/\\\/xn--gsto-0ra.ch\\\/de\\\/#organization\"},\"potentialAction\":[{\"@type\":\"SearchAction\",\"target\":{\"@type\":\"EntryPoint\",\"urlTemplate\":\"https:\\\/\\\/xn--gsto-0ra.ch\\\/de\\\/?s={search_term_string}\"},\"query-input\":{\"@type\":\"PropertyValueSpecification\",\"valueRequired\":true,\"valueName\":\"search_term_string\"}}],\"inLanguage\":\"de\"},{\"@type\":\"Organization\",\"@id\":\"https:\\\/\\\/xn--gsto-0ra.ch\\\/de\\\/#organization\",\"name\":\"G\u00fcsto | Naturalmente artigianale\",\"url\":\"https:\\\/\\\/xn--gsto-0ra.ch\\\/de\\\/\",\"logo\":{\"@type\":\"ImageObject\",\"inLanguage\":\"de\",\"@id\":\"https:\\\/\\\/xn--gsto-0ra.ch\\\/de\\\/#\\\/schema\\\/logo\\\/image\\\/\",\"url\":\"https:\\\/\\\/xn--gsto-0ra.ch\\\/wp-content\\\/uploads\\\/2026\\\/01\\\/Gusto-logo.webp\",\"contentUrl\":\"https:\\\/\\\/xn--gsto-0ra.ch\\\/wp-content\\\/uploads\\\/2026\\\/01\\\/Gusto-logo.webp\",\"width\":200,\"height\":94,\"caption\":\"G\u00fcsto | Naturalmente artigianale\"},\"image\":{\"@id\":\"https:\\\/\\\/xn--gsto-0ra.ch\\\/de\\\/#\\\/schema\\\/logo\\\/image\\\/\"},\"sameAs\":[\"https:\\\/\\\/www.facebook.com\\\/gustonaturalmenteartigianale\\\/\",\"https:\\\/\\\/www.instagram.com\\\/gusto_naturalmente_artigianale\\\/\"]}]}<\/script>\n<!-- \/ Yoast SEO plugin. -->","yoast_head_json":{"title":"Verkostungs-BOX - g\u00fcsto.ch","robots":{"index":"index","follow":"follow","max-snippet":"max-snippet:-1","max-image-preview":"max-image-preview:large","max-video-preview":"max-video-preview:-1"},"canonical":"https:\/\/xn--gsto-0ra.ch\/de\/produkt\/verkostungs-box\/","og_locale":"de_DE","og_type":"article","og_title":"Verkostungs-BOX - g\u00fcsto.ch","og_description":"Eine Reise durch die italienischen Aromen von G\u00fcsto.Die Verkostungs-Box enth\u00e4lt 4 handwerkliche Colombe \u00e0 100 g: Classica, Cioccolato, Cioccolato Bianco und Pistacchio. Perfekt zum Verschenken oder um alle unsere Varianten in einer einzigen eleganten Verpackung zu genie\u00dfen.","og_url":"https:\/\/xn--gsto-0ra.ch\/de\/produkt\/verkostungs-box\/","og_site_name":"g\u00fcsto.ch","article_publisher":"https:\/\/www.facebook.com\/gustonaturalmenteartigianale\/","article_modified_time":"2026-02-27T05:29:50+00:00","og_image":[{"width":1000,"height":1000,"url":"https:\/\/xn--gsto-0ra.ch\/wp-content\/uploads\/2026\/02\/1-2.webp","type":"image\/webp"}],"twitter_card":"summary_large_image","twitter_misc":{"Gesch\u00e4tzte Lesezeit":"1\u00a0Minute"},"schema":{"@context":"https:\/\/schema.org","@graph":[{"@type":"WebPage","@id":"https:\/\/xn--gsto-0ra.ch\/de\/produkt\/verkostungs-box\/","url":"https:\/\/xn--gsto-0ra.ch\/de\/produkt\/verkostungs-box\/","name":"Verkostungs-BOX - g\u00fcsto.ch","isPartOf":{"@id":"https:\/\/xn--gsto-0ra.ch\/de\/#website"},"primaryImageOfPage":{"@id":"https:\/\/xn--gsto-0ra.ch\/de\/produkt\/verkostungs-box\/#primaryimage"},"image":{"@id":"https:\/\/xn--gsto-0ra.ch\/de\/produkt\/verkostungs-box\/#primaryimage"},"thumbnailUrl":"https:\/\/xn--gsto-0ra.ch\/wp-content\/uploads\/2026\/03\/1-1.png","datePublished":"2026-02-24T15:26:51+00:00","dateModified":"2026-02-27T05:29:50+00:00","breadcrumb":{"@id":"https:\/\/xn--gsto-0ra.ch\/de\/produkt\/verkostungs-box\/#breadcrumb"},"inLanguage":"de","potentialAction":[{"@type":"ReadAction","target":["https:\/\/xn--gsto-0ra.ch\/de\/produkt\/verkostungs-box\/"]}]},{"@type":"ImageObject","inLanguage":"de","@id":"https:\/\/xn--gsto-0ra.ch\/de\/produkt\/verkostungs-box\/#primaryimage","url":"https:\/\/xn--gsto-0ra.ch\/wp-content\/uploads\/2026\/03\/1-1.png","contentUrl":"https:\/\/xn--gsto-0ra.ch\/wp-content\/uploads\/2026\/03\/1-1.png","width":1000,"height":1000},{"@type":"BreadcrumbList","@id":"https:\/\/xn--gsto-0ra.ch\/de\/produkt\/verkostungs-box\/#breadcrumb","itemListElement":[{"@type":"ListItem","position":1,"name":"Home","item":"https:\/\/xn--gsto-0ra.ch\/de\/"},{"@type":"ListItem","position":2,"name":"Shop","item":"https:\/\/xn--gsto-0ra.ch\/de\/shop\/"},{"@type":"ListItem","position":3,"name":"Verkostungs-BOX"}]},{"@type":"WebSite","@id":"https:\/\/xn--gsto-0ra.ch\/de\/#website","url":"https:\/\/xn--gsto-0ra.ch\/de\/","name":"g\u00fcsto.ch","description":"","publisher":{"@id":"https:\/\/xn--gsto-0ra.ch\/de\/#organization"},"potentialAction":[{"@type":"SearchAction","target":{"@type":"EntryPoint","urlTemplate":"https:\/\/xn--gsto-0ra.ch\/de\/?s={search_term_string}"},"query-input":{"@type":"PropertyValueSpecification","valueRequired":true,"valueName":"search_term_string"}}],"inLanguage":"de"},{"@type":"Organization","@id":"https:\/\/xn--gsto-0ra.ch\/de\/#organization","name":"G\u00fcsto | Naturalmente artigianale","url":"https:\/\/xn--gsto-0ra.ch\/de\/","logo":{"@type":"ImageObject","inLanguage":"de","@id":"https:\/\/xn--gsto-0ra.ch\/de\/#\/schema\/logo\/image\/","url":"https:\/\/xn--gsto-0ra.ch\/wp-content\/uploads\/2026\/01\/Gusto-logo.webp","contentUrl":"https:\/\/xn--gsto-0ra.ch\/wp-content\/uploads\/2026\/01\/Gusto-logo.webp","width":200,"height":94,"caption":"G\u00fcsto | Naturalmente artigianale"},"image":{"@id":"https:\/\/xn--gsto-0ra.ch\/de\/#\/schema\/logo\/image\/"},"sameAs":["https:\/\/www.facebook.com\/gustonaturalmenteartigianale\/","https:\/\/www.instagram.com\/gusto_naturalmente_artigianale\/"]}]}},"uagb_featured_image_src":{"full":["https:\/\/xn--gsto-0ra.ch\/wp-content\/uploads\/2026\/03\/1-1.png",1000,1000,false],"thumbnail":["https:\/\/xn--gsto-0ra.ch\/wp-content\/uploads\/2026\/03\/1-1-150x150.png",150,150,true],"medium":["https:\/\/xn--gsto-0ra.ch\/wp-content\/uploads\/2026\/03\/1-1-300x300.png",300,300,true],"medium_large":["https:\/\/xn--gsto-0ra.ch\/wp-content\/uploads\/2026\/03\/1-1-768x768.png",768,768,true],"large":["https:\/\/xn--gsto-0ra.ch\/wp-content\/uploads\/2026\/03\/1-1.png",1000,1000,false],"1536x1536":["https:\/\/xn--gsto-0ra.ch\/wp-content\/uploads\/2026\/03\/1-1.png",1000,1000,false],"2048x2048":["https:\/\/xn--gsto-0ra.ch\/wp-content\/uploads\/2026\/03\/1-1.png",1000,1000,false],"woocommerce_thumbnail":["https:\/\/xn--gsto-0ra.ch\/wp-content\/uploads\/2026\/03\/1-1-300x300.png",300,300,true],"woocommerce_single":["https:\/\/xn--gsto-0ra.ch\/wp-content\/uploads\/2026\/03\/1-1-600x600.png",600,600,true],"woocommerce_gallery_thumbnail":["https:\/\/xn--gsto-0ra.ch\/wp-content\/uploads\/2026\/03\/1-1-100x100.png",100,100,true]},"uagb_author_info":{"display_name":"giuseppe.cantoni.marketer@gmail.com","author_link":"https:\/\/xn--gsto-0ra.ch\/de\/author\/"},"uagb_comment_info":0,"uagb_excerpt":"Eine Reise durch die italienischen Aromen von G\u00fcsto.Die Verkostungs-Box enth\u00e4lt 4 handwerkliche Colombe \u00e0 100 g: Classica, Cioccolato, Cioccolato Bianco und Pistacchio. Perfekt zum Verschenken oder um alle unsere Varianten in einer einzigen eleganten Verpackung zu genie\u00dfen.","jetpack_sharing_enabled":true,"_links":{"self":[{"href":"https:\/\/xn--gsto-0ra.ch\/de\/wp-json\/wp\/v2\/product\/6661","targetHints":{"allow":["GET"]}}],"collection":[{"href":"https:\/\/xn--gsto-0ra.ch\/de\/wp-json\/wp\/v2\/product"}],"about":[{"href":"https:\/\/xn--gsto-0ra.ch\/de\/wp-json\/wp\/v2\/types\/product"}],"wp:featuredmedia":[{"embeddable":true,"href":"https:\/\/xn--gsto-0ra.ch\/de\/wp-json\/wp\/v2\/media\/6655"}],"wp:attachment":[{"href":"https:\/\/xn--gsto-0ra.ch\/de\/wp-json\/wp\/v2\/media?parent=6661"}],"wp:term":[{"taxonomy":"product_brand","embeddable":true,"href":"https:\/\/xn--gsto-0ra.ch\/de\/wp-json\/wp\/v2\/product_brand?post=6661"},{"taxonomy":"product_cat","embeddable":true,"href":"https:\/\/xn--gsto-0ra.ch\/de\/wp-json\/wp\/v2\/product_cat?post=6661"},{"taxonomy":"product_tag","embeddable":true,"href":"https:\/\/xn--gsto-0ra.ch\/de\/wp-json\/wp\/v2\/product_tag?post=6661"}],"curies":[{"name":"wp","href":"https:\/\/api.w.org\/{rel}","templated":true}]}}