{"id":6854,"date":"2026-03-26T08:27:02","date_gmt":"2026-03-26T08:27:02","guid":{"rendered":"https:\/\/xn--gsto-0ra.ch\/product\/box-mystery\/"},"modified":"2026-03-26T08:34:41","modified_gmt":"2026-03-26T08:34:41","slug":"box-mystery","status":"publish","type":"product","link":"https:\/\/xn--gsto-0ra.ch\/de\/produkt\/box-mystery\/","title":{"rendered":"BOX Mystery"},"content":{"rendered":"<p data-start=\"437\" data-end=\"512\">Eine elegante Auswahl f\u00fcr alle, die sich gerne von Geschmacksrichtungen \u00fcberraschen lassen.<\/p>\n<p data-start=\"514\" data-end=\"647\">Die Mystery Box G\u00fcsto enth\u00e4lt 4 handwerkliche Colombe \u00e0 je 100 g, hergestellt mit nat\u00fcrlicher G\u00e4rung und ausgew\u00e4hlten Zutaten.<\/p>\n<p data-start=\"649\" data-end=\"778\">Die Geschmacksrichtungen werden zuf\u00e4llig aus unseren verf\u00fcgbaren Varianten ausgew\u00e4hlt, um jedes Mal ein anderes und einzigartiges Erlebnis zu bieten.<\/p>\n<p data-start=\"780\" data-end=\"797\">Sie k\u00f6nnten finden:<\/p>\n<p data-start=\"799\" data-end=\"896\"><strong>Colomba Classica<\/strong><br data-start=\"815\" data-end=\"818\" \/>Luftiger traditioneller Teig mit sizilianischen Mandeln und frischer kandierter Orange.<\/p>\n<p data-start=\"898\" data-end=\"1016\"><strong>Colomba al Cioccolato<\/strong><br data-start=\"919\" data-end=\"922\" \/>Mit Schokolade \u00fcberzogen und angereichert mit Schokoladenst\u00fcckchen f\u00fcr einen intensiven und umh\u00fcllenden Geschmack.<\/p>\n<p data-start=\"1018\" data-end=\"1116\"><strong>Colomba al Cioccolato Bianco<\/strong><br data-start=\"1046\" data-end=\"1049\" \/>\u00dcberzug aus weisser Schokolade f\u00fcr ein noch genussvolleres Erlebnis.<\/p>\n<p data-start=\"1118\" data-end=\"1224\"><strong>Colomba al Pistacchio<\/strong><br data-start=\"1139\" data-end=\"1142\" \/>\u00dcberzogen mit Pistaziencreme und dekoriert mit Pistaziensplittern aus Bronte.<\/p>\n<p data-start=\"1226\" data-end=\"1278\"><em>Hinweis: Die Geschmacksrichtungen sind sortiert und nicht ausw\u00e4hlbar.<\/em><\/p>\n","protected":false},"excerpt":{"rendered":"<p>Eine Reise durch italienische Geschmacksrichtungen von G\u00fcsto \u2026 als \u00dcberraschung. Die Mystery Box enth\u00e4lt 4 handwerkliche Colombe \u00e0 100 g in sortierten Geschmacksrichtungen, zuf\u00e4llig ausgew\u00e4hlt. Perfekt f\u00fcr alle, die gerne entdecken und sich \u00fcberraschen lassen.<\/p>\n","protected":false},"featured_media":6848,"template":"","meta":{"_uag_custom_page_level_css":"","site-sidebar-layout":"default","site-content-layout":"","ast-site-content-layout":"default","site-content-style":"default","site-sidebar-style":"default","ast-global-header-display":"","ast-banner-title-visibility":"","ast-main-header-display":"","ast-hfb-above-header-display":"","ast-hfb-below-header-display":"","ast-hfb-mobile-header-display":"","site-post-title":"","ast-breadcrumbs-content":"","ast-featured-img":"","footer-sml-layout":"","ast-disable-related-posts":"","theme-transparent-header-meta":"default","adv-header-id-meta":"","stick-header-meta":"","header-above-stick-meta":"","header-main-stick-meta":"","header-below-stick-meta":"","astra-migrate-meta-layouts":"set","ast-page-background-enabled":"default","ast-page-background-meta":{"desktop":{"background-color":"","background-image":"","background-repeat":"repeat","background-position":"center center","background-size":"auto","background-attachment":"scroll","background-type":"","background-media":"","overlay-type":"","overlay-color":"","overlay-opacity":"","overlay-gradient":""},"tablet":{"background-color":"","background-image":"","background-repeat":"repeat","background-position":"center center","background-size":"auto","background-attachment":"scroll","background-type":"","background-media":"","overlay-type":"","overlay-color":"","overlay-opacity":"","overlay-gradient":""},"mobile":{"background-color":"","background-image":"","background-repeat":"repeat","background-position":"center center","background-size":"auto","background-attachment":"scroll","background-type":"","background-media":"","overlay-type":"","overlay-color":"","overlay-opacity":"","overlay-gradient":""}},"ast-content-background-meta":{"desktop":{"background-color":"var(--ast-global-color-5)","background-image":"","background-repeat":"repeat","background-position":"center center","background-size":"auto","background-attachment":"scroll","background-type":"","background-media":"","overlay-type":"","overlay-color":"","overlay-opacity":"","overlay-gradient":""},"tablet":{"background-color":"var(--ast-global-color-5)","background-image":"","background-repeat":"repeat","background-position":"center center","background-size":"auto","background-attachment":"scroll","background-type":"","background-media":"","overlay-type":"","overlay-color":"","overlay-opacity":"","overlay-gradient":""},"mobile":{"background-color":"var(--ast-global-color-5)","background-image":"","background-repeat":"repeat","background-position":"center center","background-size":"auto","background-attachment":"scroll","background-type":"","background-media":"","overlay-type":"","overlay-color":"","overlay-opacity":"","overlay-gradient":""}}},"product_brand":[],"product_cat":[24,55],"product_tag":[],"class_list":{"0":"post-6854","1":"product","2":"type-product","3":"status-publish","4":"has-post-thumbnail","6":"product_cat-colombe-artigianali","7":"product_cat-box-degustazione","8":"desktop-align-center","9":"tablet-align-center","10":"mobile-align-center","12":"first","13":"outofstock","14":"sale","15":"shipping-taxable","16":"purchasable","17":"product-type-simple"},"yoast_head":"<!-- This site is optimized with the Yoast SEO plugin v27.5 - https:\/\/yoast.com\/product\/yoast-seo-wordpress\/ -->\n<title>Box Handwerkliche Colombe Sortiert | Mystery Box Ostern G\u00fcsto<\/title>\n<meta name=\"description\" content=\"Entdecken Sie die Mystery Box G\u00fcsto: 4 handwerkliche Colombe \u00e0 100 g in sortierten \u00dcberraschungsgeschmacksrichtungen. Italienische Qualit\u00e4t, Lieferung in die ganze Schweiz. Jetzt bestellen!\" \/>\n<meta name=\"robots\" content=\"index, follow, max-snippet:-1, max-image-preview:large, max-video-preview:-1\" \/>\n<link rel=\"canonical\" href=\"https:\/\/xn--gsto-0ra.ch\/de\/produkt\/box-mystery\/\" \/>\n<meta property=\"og:locale\" content=\"de_DE\" \/>\n<meta property=\"og:type\" content=\"article\" \/>\n<meta property=\"og:title\" content=\"Box Handwerkliche Colombe Sortiert | Mystery Box Ostern G\u00fcsto\" \/>\n<meta property=\"og:description\" content=\"Entdecken Sie die Mystery Box G\u00fcsto: 4 handwerkliche Colombe \u00e0 100 g in sortierten \u00dcberraschungsgeschmacksrichtungen. Italienische Qualit\u00e4t, Lieferung in die ganze Schweiz. Jetzt bestellen!\" \/>\n<meta property=\"og:url\" content=\"https:\/\/xn--gsto-0ra.ch\/de\/produkt\/box-mystery\/\" \/>\n<meta property=\"og:site_name\" content=\"g\u00fcsto.ch\" \/>\n<meta property=\"article:publisher\" content=\"https:\/\/www.facebook.com\/gustonaturalmenteartigianale\/\" \/>\n<meta property=\"article:modified_time\" content=\"2026-03-26T08:34:41+00:00\" \/>\n<meta property=\"og:image\" content=\"https:\/\/xn--gsto-0ra.ch\/wp-content\/uploads\/2026\/03\/3.webp\" \/>\n\t<meta property=\"og:image:width\" content=\"1000\" \/>\n\t<meta property=\"og:image:height\" content=\"1000\" \/>\n\t<meta property=\"og:image:type\" content=\"image\/webp\" \/>\n<meta name=\"twitter:card\" content=\"summary_large_image\" \/>\n<meta name=\"twitter:label1\" content=\"Gesch\u00e4tzte Lesezeit\" \/>\n\t<meta name=\"twitter:data1\" content=\"1\u00a0Minute\" \/>\n<script type=\"application\/ld+json\" class=\"yoast-schema-graph\">{\"@context\":\"https:\\\/\\\/schema.org\",\"@graph\":[{\"@type\":\"WebPage\",\"@id\":\"https:\\\/\\\/xn--gsto-0ra.ch\\\/de\\\/produkt\\\/box-mystery\\\/\",\"url\":\"https:\\\/\\\/xn--gsto-0ra.ch\\\/de\\\/produkt\\\/box-mystery\\\/\",\"name\":\"Box Handwerkliche Colombe Sortiert | Mystery Box Ostern G\u00fcsto\",\"isPartOf\":{\"@id\":\"https:\\\/\\\/xn--gsto-0ra.ch\\\/de\\\/#website\"},\"primaryImageOfPage\":{\"@id\":\"https:\\\/\\\/xn--gsto-0ra.ch\\\/de\\\/produkt\\\/box-mystery\\\/#primaryimage\"},\"image\":{\"@id\":\"https:\\\/\\\/xn--gsto-0ra.ch\\\/de\\\/produkt\\\/box-mystery\\\/#primaryimage\"},\"thumbnailUrl\":\"https:\\\/\\\/xn--gsto-0ra.ch\\\/wp-content\\\/uploads\\\/2026\\\/03\\\/3de-1.webp\",\"datePublished\":\"2026-03-26T08:27:02+00:00\",\"dateModified\":\"2026-03-26T08:34:41+00:00\",\"description\":\"Entdecken Sie die Mystery Box G\u00fcsto: 4 handwerkliche Colombe \u00e0 100 g in sortierten \u00dcberraschungsgeschmacksrichtungen. Italienische Qualit\u00e4t, Lieferung in die ganze Schweiz. Jetzt bestellen!\",\"breadcrumb\":{\"@id\":\"https:\\\/\\\/xn--gsto-0ra.ch\\\/de\\\/produkt\\\/box-mystery\\\/#breadcrumb\"},\"inLanguage\":\"de\",\"potentialAction\":[{\"@type\":\"ReadAction\",\"target\":[\"https:\\\/\\\/xn--gsto-0ra.ch\\\/de\\\/produkt\\\/box-mystery\\\/\"]}]},{\"@type\":\"ImageObject\",\"inLanguage\":\"de\",\"@id\":\"https:\\\/\\\/xn--gsto-0ra.ch\\\/de\\\/produkt\\\/box-mystery\\\/#primaryimage\",\"url\":\"https:\\\/\\\/xn--gsto-0ra.ch\\\/wp-content\\\/uploads\\\/2026\\\/03\\\/3de-1.webp\",\"contentUrl\":\"https:\\\/\\\/xn--gsto-0ra.ch\\\/wp-content\\\/uploads\\\/2026\\\/03\\\/3de-1.webp\",\"width\":1000,\"height\":1000},{\"@type\":\"BreadcrumbList\",\"@id\":\"https:\\\/\\\/xn--gsto-0ra.ch\\\/de\\\/produkt\\\/box-mystery\\\/#breadcrumb\",\"itemListElement\":[{\"@type\":\"ListItem\",\"position\":1,\"name\":\"Home\",\"item\":\"https:\\\/\\\/xn--gsto-0ra.ch\\\/de\\\/\"},{\"@type\":\"ListItem\",\"position\":2,\"name\":\"Shop\",\"item\":\"https:\\\/\\\/xn--gsto-0ra.ch\\\/de\\\/shop\\\/\"},{\"@type\":\"ListItem\",\"position\":3,\"name\":\"BOX Mystery\"}]},{\"@type\":\"WebSite\",\"@id\":\"https:\\\/\\\/xn--gsto-0ra.ch\\\/de\\\/#website\",\"url\":\"https:\\\/\\\/xn--gsto-0ra.ch\\\/de\\\/\",\"name\":\"g\u00fcsto.ch\",\"description\":\"\",\"publisher\":{\"@id\":\"https:\\\/\\\/xn--gsto-0ra.ch\\\/de\\\/#organization\"},\"potentialAction\":[{\"@type\":\"SearchAction\",\"target\":{\"@type\":\"EntryPoint\",\"urlTemplate\":\"https:\\\/\\\/xn--gsto-0ra.ch\\\/de\\\/?s={search_term_string}\"},\"query-input\":{\"@type\":\"PropertyValueSpecification\",\"valueRequired\":true,\"valueName\":\"search_term_string\"}}],\"inLanguage\":\"de\"},{\"@type\":\"Organization\",\"@id\":\"https:\\\/\\\/xn--gsto-0ra.ch\\\/de\\\/#organization\",\"name\":\"G\u00fcsto | Naturalmente artigianale\",\"url\":\"https:\\\/\\\/xn--gsto-0ra.ch\\\/de\\\/\",\"logo\":{\"@type\":\"ImageObject\",\"inLanguage\":\"de\",\"@id\":\"https:\\\/\\\/xn--gsto-0ra.ch\\\/de\\\/#\\\/schema\\\/logo\\\/image\\\/\",\"url\":\"https:\\\/\\\/xn--gsto-0ra.ch\\\/wp-content\\\/uploads\\\/2026\\\/01\\\/Gusto-logo.webp\",\"contentUrl\":\"https:\\\/\\\/xn--gsto-0ra.ch\\\/wp-content\\\/uploads\\\/2026\\\/01\\\/Gusto-logo.webp\",\"width\":200,\"height\":94,\"caption\":\"G\u00fcsto | Naturalmente artigianale\"},\"image\":{\"@id\":\"https:\\\/\\\/xn--gsto-0ra.ch\\\/de\\\/#\\\/schema\\\/logo\\\/image\\\/\"},\"sameAs\":[\"https:\\\/\\\/www.facebook.com\\\/gustonaturalmenteartigianale\\\/\",\"https:\\\/\\\/www.instagram.com\\\/gusto_naturalmente_artigianale\\\/\"]}]}<\/script>\n<!-- \/ Yoast SEO plugin. -->","yoast_head_json":{"title":"Box Handwerkliche Colombe Sortiert | Mystery Box Ostern G\u00fcsto","description":"Entdecken Sie die Mystery Box G\u00fcsto: 4 handwerkliche Colombe \u00e0 100 g in sortierten \u00dcberraschungsgeschmacksrichtungen. Italienische Qualit\u00e4t, Lieferung in die ganze Schweiz. Jetzt bestellen!","robots":{"index":"index","follow":"follow","max-snippet":"max-snippet:-1","max-image-preview":"max-image-preview:large","max-video-preview":"max-video-preview:-1"},"canonical":"https:\/\/xn--gsto-0ra.ch\/de\/produkt\/box-mystery\/","og_locale":"de_DE","og_type":"article","og_title":"Box Handwerkliche Colombe Sortiert | Mystery Box Ostern G\u00fcsto","og_description":"Entdecken Sie die Mystery Box G\u00fcsto: 4 handwerkliche Colombe \u00e0 100 g in sortierten \u00dcberraschungsgeschmacksrichtungen. Italienische Qualit\u00e4t, Lieferung in die ganze Schweiz. Jetzt bestellen!","og_url":"https:\/\/xn--gsto-0ra.ch\/de\/produkt\/box-mystery\/","og_site_name":"g\u00fcsto.ch","article_publisher":"https:\/\/www.facebook.com\/gustonaturalmenteartigianale\/","article_modified_time":"2026-03-26T08:34:41+00:00","og_image":[{"width":1000,"height":1000,"url":"https:\/\/xn--gsto-0ra.ch\/wp-content\/uploads\/2026\/03\/3.webp","type":"image\/webp"}],"twitter_card":"summary_large_image","twitter_misc":{"Gesch\u00e4tzte Lesezeit":"1\u00a0Minute"},"schema":{"@context":"https:\/\/schema.org","@graph":[{"@type":"WebPage","@id":"https:\/\/xn--gsto-0ra.ch\/de\/produkt\/box-mystery\/","url":"https:\/\/xn--gsto-0ra.ch\/de\/produkt\/box-mystery\/","name":"Box Handwerkliche Colombe Sortiert | Mystery Box Ostern G\u00fcsto","isPartOf":{"@id":"https:\/\/xn--gsto-0ra.ch\/de\/#website"},"primaryImageOfPage":{"@id":"https:\/\/xn--gsto-0ra.ch\/de\/produkt\/box-mystery\/#primaryimage"},"image":{"@id":"https:\/\/xn--gsto-0ra.ch\/de\/produkt\/box-mystery\/#primaryimage"},"thumbnailUrl":"https:\/\/xn--gsto-0ra.ch\/wp-content\/uploads\/2026\/03\/3de-1.webp","datePublished":"2026-03-26T08:27:02+00:00","dateModified":"2026-03-26T08:34:41+00:00","description":"Entdecken Sie die Mystery Box G\u00fcsto: 4 handwerkliche Colombe \u00e0 100 g in sortierten \u00dcberraschungsgeschmacksrichtungen. Italienische Qualit\u00e4t, Lieferung in die ganze Schweiz. Jetzt bestellen!","breadcrumb":{"@id":"https:\/\/xn--gsto-0ra.ch\/de\/produkt\/box-mystery\/#breadcrumb"},"inLanguage":"de","potentialAction":[{"@type":"ReadAction","target":["https:\/\/xn--gsto-0ra.ch\/de\/produkt\/box-mystery\/"]}]},{"@type":"ImageObject","inLanguage":"de","@id":"https:\/\/xn--gsto-0ra.ch\/de\/produkt\/box-mystery\/#primaryimage","url":"https:\/\/xn--gsto-0ra.ch\/wp-content\/uploads\/2026\/03\/3de-1.webp","contentUrl":"https:\/\/xn--gsto-0ra.ch\/wp-content\/uploads\/2026\/03\/3de-1.webp","width":1000,"height":1000},{"@type":"BreadcrumbList","@id":"https:\/\/xn--gsto-0ra.ch\/de\/produkt\/box-mystery\/#breadcrumb","itemListElement":[{"@type":"ListItem","position":1,"name":"Home","item":"https:\/\/xn--gsto-0ra.ch\/de\/"},{"@type":"ListItem","position":2,"name":"Shop","item":"https:\/\/xn--gsto-0ra.ch\/de\/shop\/"},{"@type":"ListItem","position":3,"name":"BOX Mystery"}]},{"@type":"WebSite","@id":"https:\/\/xn--gsto-0ra.ch\/de\/#website","url":"https:\/\/xn--gsto-0ra.ch\/de\/","name":"g\u00fcsto.ch","description":"","publisher":{"@id":"https:\/\/xn--gsto-0ra.ch\/de\/#organization"},"potentialAction":[{"@type":"SearchAction","target":{"@type":"EntryPoint","urlTemplate":"https:\/\/xn--gsto-0ra.ch\/de\/?s={search_term_string}"},"query-input":{"@type":"PropertyValueSpecification","valueRequired":true,"valueName":"search_term_string"}}],"inLanguage":"de"},{"@type":"Organization","@id":"https:\/\/xn--gsto-0ra.ch\/de\/#organization","name":"G\u00fcsto | Naturalmente artigianale","url":"https:\/\/xn--gsto-0ra.ch\/de\/","logo":{"@type":"ImageObject","inLanguage":"de","@id":"https:\/\/xn--gsto-0ra.ch\/de\/#\/schema\/logo\/image\/","url":"https:\/\/xn--gsto-0ra.ch\/wp-content\/uploads\/2026\/01\/Gusto-logo.webp","contentUrl":"https:\/\/xn--gsto-0ra.ch\/wp-content\/uploads\/2026\/01\/Gusto-logo.webp","width":200,"height":94,"caption":"G\u00fcsto | Naturalmente artigianale"},"image":{"@id":"https:\/\/xn--gsto-0ra.ch\/de\/#\/schema\/logo\/image\/"},"sameAs":["https:\/\/www.facebook.com\/gustonaturalmenteartigianale\/","https:\/\/www.instagram.com\/gusto_naturalmente_artigianale\/"]}]}},"uagb_featured_image_src":{"full":["https:\/\/xn--gsto-0ra.ch\/wp-content\/uploads\/2026\/03\/3de-1.webp",1000,1000,false],"thumbnail":["https:\/\/xn--gsto-0ra.ch\/wp-content\/uploads\/2026\/03\/3de-1-150x150.webp",150,150,true],"medium":["https:\/\/xn--gsto-0ra.ch\/wp-content\/uploads\/2026\/03\/3de-1-300x300.webp",300,300,true],"medium_large":["https:\/\/xn--gsto-0ra.ch\/wp-content\/uploads\/2026\/03\/3de-1-768x768.webp",768,768,true],"large":["https:\/\/xn--gsto-0ra.ch\/wp-content\/uploads\/2026\/03\/3de-1.webp",1000,1000,false],"1536x1536":["https:\/\/xn--gsto-0ra.ch\/wp-content\/uploads\/2026\/03\/3de-1.webp",1000,1000,false],"2048x2048":["https:\/\/xn--gsto-0ra.ch\/wp-content\/uploads\/2026\/03\/3de-1.webp",1000,1000,false],"woocommerce_thumbnail":["https:\/\/xn--gsto-0ra.ch\/wp-content\/uploads\/2026\/03\/3de-1-300x300.webp",300,300,true],"woocommerce_single":["https:\/\/xn--gsto-0ra.ch\/wp-content\/uploads\/2026\/03\/3de-1-600x600.webp",600,600,true],"woocommerce_gallery_thumbnail":["https:\/\/xn--gsto-0ra.ch\/wp-content\/uploads\/2026\/03\/3de-1-100x100.webp",100,100,true]},"uagb_author_info":{"display_name":"giuseppe.cantoni.marketer@gmail.com","author_link":"https:\/\/xn--gsto-0ra.ch\/de\/author\/"},"uagb_comment_info":0,"uagb_excerpt":"Eine Reise durch italienische Geschmacksrichtungen von G\u00fcsto \u2026 als \u00dcberraschung. Die Mystery Box enth\u00e4lt 4 handwerkliche Colombe \u00e0 100 g in sortierten Geschmacksrichtungen, zuf\u00e4llig ausgew\u00e4hlt. Perfekt f\u00fcr alle, die gerne entdecken und sich \u00fcberraschen lassen.","jetpack_sharing_enabled":true,"_links":{"self":[{"href":"https:\/\/xn--gsto-0ra.ch\/de\/wp-json\/wp\/v2\/product\/6854","targetHints":{"allow":["GET"]}}],"collection":[{"href":"https:\/\/xn--gsto-0ra.ch\/de\/wp-json\/wp\/v2\/product"}],"about":[{"href":"https:\/\/xn--gsto-0ra.ch\/de\/wp-json\/wp\/v2\/types\/product"}],"wp:featuredmedia":[{"embeddable":true,"href":"https:\/\/xn--gsto-0ra.ch\/de\/wp-json\/wp\/v2\/media\/6848"}],"wp:attachment":[{"href":"https:\/\/xn--gsto-0ra.ch\/de\/wp-json\/wp\/v2\/media?parent=6854"}],"wp:term":[{"taxonomy":"product_brand","embeddable":true,"href":"https:\/\/xn--gsto-0ra.ch\/de\/wp-json\/wp\/v2\/product_brand?post=6854"},{"taxonomy":"product_cat","embeddable":true,"href":"https:\/\/xn--gsto-0ra.ch\/de\/wp-json\/wp\/v2\/product_cat?post=6854"},{"taxonomy":"product_tag","embeddable":true,"href":"https:\/\/xn--gsto-0ra.ch\/de\/wp-json\/wp\/v2\/product_tag?post=6854"}],"curies":[{"name":"wp","href":"https:\/\/api.w.org\/{rel}","templated":true}]}}