{"id":6089,"date":"2026-02-10T11:21:13","date_gmt":"2026-02-10T11:21:13","guid":{"rendered":"https:\/\/xn--gsto-0ra.ch\/product\/colomba-pascale-artisanale-au-chocolat-blanc\/"},"modified":"2026-02-13T09:50:07","modified_gmt":"2026-02-13T09:50:07","slug":"colomba-pascale-artisanale-au-chocolat-blanc","status":"publish","type":"product","link":"https:\/\/xn--gsto-0ra.ch\/fr\/produit\/colomba-pascale-artisanale-au-chocolat-blanc\/","title":{"rendered":"Colomba Pascale Artisanale au Chocolat Blanc"},"content":{"rendered":"<p data-start=\"1053\" data-end=\"1293\">Notre <strong>Colomba Artisanale au Chocolat Blanc<\/strong> est le fruit d\u2019un travail lent et patient, dans le respect de la tradition.<br data-start=\"1177\" data-end=\"1180\" \/>La p\u00e2te l\u00e8ve naturellement pour obtenir une texture moelleuse et un parfum unique.<\/p>\n<p data-start=\"1295\" data-end=\"1467\">Recouverte d\u2019un <strong>d\u00e9licat gla\u00e7age au chocolat blanc et enrichie de copeaux croquants<\/strong>, c\u2019est le dessert id\u00e9al pour f\u00eater P\u00e2ques avec \u00e9l\u00e9gance et qualit\u00e9 artisanale.<\/p>\n<p data-start=\"1469\" data-end=\"1509\"><strong>Cr\u00e8me \u00e0 tartiner aux amandes incluse !<\/strong><\/p>\n","protected":false},"excerpt":{"rendered":"<p data-start=\"1534\" data-end=\"1785\">Colomba pascale artisanale \u00e0 levage naturel, moelleuse et parfum\u00e9e, napp\u00e9e de chocolat blanc, pr\u00e9par\u00e9e avec des ingr\u00e9dients s\u00e9lectionn\u00e9s selon la recette traditionnelle, incluant une cr\u00e8me \u00e0 tartiner aux amandes. Parfaite \u00e0 partager ou \u00e0 offrir.<\/p>\n<p data-start=\"1787\" data-end=\"1816\"><strong>S\u00c9LECTIONNEZ LE POIDS SOUHAIT\u00c9 :<\/strong><\/p>\n","protected":false},"featured_media":6236,"template":"","meta":{"_uag_custom_page_level_css":"","site-sidebar-layout":"default","site-content-layout":"default","ast-site-content-layout":"default","site-content-style":"default","site-sidebar-style":"default","ast-global-header-display":"","ast-banner-title-visibility":"","ast-main-header-display":"","ast-hfb-above-header-display":"","ast-hfb-below-header-display":"","ast-hfb-mobile-header-display":"","site-post-title":"","ast-breadcrumbs-content":"","ast-featured-img":"","footer-sml-layout":"","ast-disable-related-posts":"","theme-transparent-header-meta":"default","adv-header-id-meta":"","stick-header-meta":"","header-above-stick-meta":"","header-main-stick-meta":"","header-below-stick-meta":"","astra-migrate-meta-layouts":"set","ast-page-background-enabled":"default","ast-page-background-meta":{"desktop":{"background-color":"","background-image":"","background-repeat":"repeat","background-position":"center center","background-size":"auto","background-attachment":"scroll","background-type":"","background-media":"","overlay-type":"","overlay-color":"","overlay-opacity":"","overlay-gradient":""},"tablet":{"background-color":"","background-image":"","background-repeat":"repeat","background-position":"center center","background-size":"auto","background-attachment":"scroll","background-type":"","background-media":"","overlay-type":"","overlay-color":"","overlay-opacity":"","overlay-gradient":""},"mobile":{"background-color":"","background-image":"","background-repeat":"repeat","background-position":"center center","background-size":"auto","background-attachment":"scroll","background-type":"","background-media":"","overlay-type":"","overlay-color":"","overlay-opacity":"","overlay-gradient":""}},"ast-content-background-meta":{"desktop":{"background-color":"var(--ast-global-color-5)","background-image":"","background-repeat":"repeat","background-position":"center center","background-size":"auto","background-attachment":"scroll","background-type":"","background-media":"","overlay-type":"","overlay-color":"","overlay-opacity":"","overlay-gradient":""},"tablet":{"background-color":"var(--ast-global-color-5)","background-image":"","background-repeat":"repeat","background-position":"center center","background-size":"auto","background-attachment":"scroll","background-type":"","background-media":"","overlay-type":"","overlay-color":"","overlay-opacity":"","overlay-gradient":""},"mobile":{"background-color":"var(--ast-global-color-5)","background-image":"","background-repeat":"repeat","background-position":"center center","background-size":"auto","background-attachment":"scroll","background-type":"","background-media":"","overlay-type":"","overlay-color":"","overlay-opacity":"","overlay-gradient":""}}},"product_brand":[],"product_cat":[45],"product_tag":[],"class_list":{"0":"post-6089","1":"product","2":"type-product","3":"status-publish","4":"has-post-thumbnail","6":"product_cat-colombes","7":"desktop-align-center","8":"tablet-align-center","9":"mobile-align-center","11":"first","12":"outofstock","13":"sale","14":"featured","15":"shipping-taxable","16":"purchasable","17":"product-type-variable"},"yoast_head":"<!-- This site is optimized with the Yoast SEO plugin v27.5 - https:\/\/yoast.com\/product\/yoast-seo-wordpress\/ -->\n<title>Colomba Pascale Artisanale au Chocolat Blanc - g\u00fcsto.ch<\/title>\n<meta name=\"robots\" content=\"index, follow, max-snippet:-1, max-image-preview:large, max-video-preview:-1\" \/>\n<link rel=\"canonical\" href=\"https:\/\/xn--gsto-0ra.ch\/fr\/produit\/colomba-pascale-artisanale-au-chocolat-blanc\/\" \/>\n<meta property=\"og:locale\" content=\"fr_FR\" \/>\n<meta property=\"og:type\" content=\"article\" \/>\n<meta property=\"og:title\" content=\"Colomba Pascale Artisanale au Chocolat Blanc - g\u00fcsto.ch\" \/>\n<meta property=\"og:description\" content=\"Colomba pascale artisanale \u00e0 levage naturel, moelleuse et parfum\u00e9e, napp\u00e9e de chocolat blanc, pr\u00e9par\u00e9e avec des ingr\u00e9dients s\u00e9lectionn\u00e9s selon la recette traditionnelle, incluant une cr\u00e8me \u00e0 tartiner aux amandes. Parfaite \u00e0 partager ou \u00e0 offrir. S\u00c9LECTIONNEZ LE POIDS SOUHAIT\u00c9 :\" \/>\n<meta property=\"og:url\" content=\"https:\/\/xn--gsto-0ra.ch\/fr\/produit\/colomba-pascale-artisanale-au-chocolat-blanc\/\" \/>\n<meta property=\"og:site_name\" content=\"g\u00fcsto.ch\" \/>\n<meta property=\"article:publisher\" content=\"https:\/\/www.facebook.com\/gustonaturalmenteartigianale\/\" \/>\n<meta property=\"article:modified_time\" content=\"2026-02-13T09:50:07+00:00\" \/>\n<meta property=\"og:image\" content=\"https:\/\/xn--gsto-0ra.ch\/wp-content\/uploads\/2026\/02\/7.png\" \/>\n\t<meta property=\"og:image:width\" content=\"1000\" \/>\n\t<meta property=\"og:image:height\" content=\"1000\" \/>\n\t<meta property=\"og:image:type\" content=\"image\/png\" \/>\n<meta name=\"twitter:card\" content=\"summary_large_image\" \/>\n<meta name=\"twitter:label1\" content=\"Dur\u00e9e de lecture estim\u00e9e\" \/>\n\t<meta name=\"twitter:data1\" content=\"1 minute\" \/>\n<script type=\"application\/ld+json\" class=\"yoast-schema-graph\">{\"@context\":\"https:\\\/\\\/schema.org\",\"@graph\":[{\"@type\":\"WebPage\",\"@id\":\"https:\\\/\\\/xn--gsto-0ra.ch\\\/fr\\\/produit\\\/colomba-pascale-artisanale-au-chocolat-blanc\\\/\",\"url\":\"https:\\\/\\\/xn--gsto-0ra.ch\\\/fr\\\/produit\\\/colomba-pascale-artisanale-au-chocolat-blanc\\\/\",\"name\":\"Colomba Pascale Artisanale au Chocolat Blanc - g\u00fcsto.ch\",\"isPartOf\":{\"@id\":\"https:\\\/\\\/xn--gsto-0ra.ch\\\/fr\\\/#website\"},\"primaryImageOfPage\":{\"@id\":\"https:\\\/\\\/xn--gsto-0ra.ch\\\/fr\\\/produit\\\/colomba-pascale-artisanale-au-chocolat-blanc\\\/#primaryimage\"},\"image\":{\"@id\":\"https:\\\/\\\/xn--gsto-0ra.ch\\\/fr\\\/produit\\\/colomba-pascale-artisanale-au-chocolat-blanc\\\/#primaryimage\"},\"thumbnailUrl\":\"https:\\\/\\\/xn--gsto-0ra.ch\\\/wp-content\\\/uploads\\\/2026\\\/02\\\/7.png\",\"datePublished\":\"2026-02-10T11:21:13+00:00\",\"dateModified\":\"2026-02-13T09:50:07+00:00\",\"breadcrumb\":{\"@id\":\"https:\\\/\\\/xn--gsto-0ra.ch\\\/fr\\\/produit\\\/colomba-pascale-artisanale-au-chocolat-blanc\\\/#breadcrumb\"},\"inLanguage\":\"fr-FR\",\"potentialAction\":[{\"@type\":\"ReadAction\",\"target\":[\"https:\\\/\\\/xn--gsto-0ra.ch\\\/fr\\\/produit\\\/colomba-pascale-artisanale-au-chocolat-blanc\\\/\"]}]},{\"@type\":\"ImageObject\",\"inLanguage\":\"fr-FR\",\"@id\":\"https:\\\/\\\/xn--gsto-0ra.ch\\\/fr\\\/produit\\\/colomba-pascale-artisanale-au-chocolat-blanc\\\/#primaryimage\",\"url\":\"https:\\\/\\\/xn--gsto-0ra.ch\\\/wp-content\\\/uploads\\\/2026\\\/02\\\/7.png\",\"contentUrl\":\"https:\\\/\\\/xn--gsto-0ra.ch\\\/wp-content\\\/uploads\\\/2026\\\/02\\\/7.png\",\"width\":1000,\"height\":1000},{\"@type\":\"BreadcrumbList\",\"@id\":\"https:\\\/\\\/xn--gsto-0ra.ch\\\/fr\\\/produit\\\/colomba-pascale-artisanale-au-chocolat-blanc\\\/#breadcrumb\",\"itemListElement\":[{\"@type\":\"ListItem\",\"position\":1,\"name\":\"Home\",\"item\":\"https:\\\/\\\/xn--gsto-0ra.ch\\\/fr\\\/\"},{\"@type\":\"ListItem\",\"position\":2,\"name\":\"Boutique\",\"item\":\"https:\\\/\\\/xn--gsto-0ra.ch\\\/fr\\\/boutique\\\/\"},{\"@type\":\"ListItem\",\"position\":3,\"name\":\"Colomba Pascale Artisanale au Chocolat Blanc\"}]},{\"@type\":\"WebSite\",\"@id\":\"https:\\\/\\\/xn--gsto-0ra.ch\\\/fr\\\/#website\",\"url\":\"https:\\\/\\\/xn--gsto-0ra.ch\\\/fr\\\/\",\"name\":\"g\u00fcsto.ch\",\"description\":\"\",\"publisher\":{\"@id\":\"https:\\\/\\\/xn--gsto-0ra.ch\\\/fr\\\/#organization\"},\"potentialAction\":[{\"@type\":\"SearchAction\",\"target\":{\"@type\":\"EntryPoint\",\"urlTemplate\":\"https:\\\/\\\/xn--gsto-0ra.ch\\\/fr\\\/?s={search_term_string}\"},\"query-input\":{\"@type\":\"PropertyValueSpecification\",\"valueRequired\":true,\"valueName\":\"search_term_string\"}}],\"inLanguage\":\"fr-FR\"},{\"@type\":\"Organization\",\"@id\":\"https:\\\/\\\/xn--gsto-0ra.ch\\\/fr\\\/#organization\",\"name\":\"G\u00fcsto | Naturalmente artigianale\",\"url\":\"https:\\\/\\\/xn--gsto-0ra.ch\\\/fr\\\/\",\"logo\":{\"@type\":\"ImageObject\",\"inLanguage\":\"fr-FR\",\"@id\":\"https:\\\/\\\/xn--gsto-0ra.ch\\\/fr\\\/#\\\/schema\\\/logo\\\/image\\\/\",\"url\":\"https:\\\/\\\/xn--gsto-0ra.ch\\\/wp-content\\\/uploads\\\/2026\\\/01\\\/Gusto-logo.webp\",\"contentUrl\":\"https:\\\/\\\/xn--gsto-0ra.ch\\\/wp-content\\\/uploads\\\/2026\\\/01\\\/Gusto-logo.webp\",\"width\":200,\"height\":94,\"caption\":\"G\u00fcsto | Naturalmente artigianale\"},\"image\":{\"@id\":\"https:\\\/\\\/xn--gsto-0ra.ch\\\/fr\\\/#\\\/schema\\\/logo\\\/image\\\/\"},\"sameAs\":[\"https:\\\/\\\/www.facebook.com\\\/gustonaturalmenteartigianale\\\/\",\"https:\\\/\\\/www.instagram.com\\\/gusto_naturalmente_artigianale\\\/\"]}]}<\/script>\n<!-- \/ Yoast SEO plugin. -->","yoast_head_json":{"title":"Colomba Pascale Artisanale au Chocolat Blanc - g\u00fcsto.ch","robots":{"index":"index","follow":"follow","max-snippet":"max-snippet:-1","max-image-preview":"max-image-preview:large","max-video-preview":"max-video-preview:-1"},"canonical":"https:\/\/xn--gsto-0ra.ch\/fr\/produit\/colomba-pascale-artisanale-au-chocolat-blanc\/","og_locale":"fr_FR","og_type":"article","og_title":"Colomba Pascale Artisanale au Chocolat Blanc - g\u00fcsto.ch","og_description":"Colomba pascale artisanale \u00e0 levage naturel, moelleuse et parfum\u00e9e, napp\u00e9e de chocolat blanc, pr\u00e9par\u00e9e avec des ingr\u00e9dients s\u00e9lectionn\u00e9s selon la recette traditionnelle, incluant une cr\u00e8me \u00e0 tartiner aux amandes. Parfaite \u00e0 partager ou \u00e0 offrir. S\u00c9LECTIONNEZ LE POIDS SOUHAIT\u00c9 :","og_url":"https:\/\/xn--gsto-0ra.ch\/fr\/produit\/colomba-pascale-artisanale-au-chocolat-blanc\/","og_site_name":"g\u00fcsto.ch","article_publisher":"https:\/\/www.facebook.com\/gustonaturalmenteartigianale\/","article_modified_time":"2026-02-13T09:50:07+00:00","og_image":[{"width":1000,"height":1000,"url":"https:\/\/xn--gsto-0ra.ch\/wp-content\/uploads\/2026\/02\/7.png","type":"image\/png"}],"twitter_card":"summary_large_image","twitter_misc":{"Dur\u00e9e de lecture estim\u00e9e":"1 minute"},"schema":{"@context":"https:\/\/schema.org","@graph":[{"@type":"WebPage","@id":"https:\/\/xn--gsto-0ra.ch\/fr\/produit\/colomba-pascale-artisanale-au-chocolat-blanc\/","url":"https:\/\/xn--gsto-0ra.ch\/fr\/produit\/colomba-pascale-artisanale-au-chocolat-blanc\/","name":"Colomba Pascale Artisanale au Chocolat Blanc - g\u00fcsto.ch","isPartOf":{"@id":"https:\/\/xn--gsto-0ra.ch\/fr\/#website"},"primaryImageOfPage":{"@id":"https:\/\/xn--gsto-0ra.ch\/fr\/produit\/colomba-pascale-artisanale-au-chocolat-blanc\/#primaryimage"},"image":{"@id":"https:\/\/xn--gsto-0ra.ch\/fr\/produit\/colomba-pascale-artisanale-au-chocolat-blanc\/#primaryimage"},"thumbnailUrl":"https:\/\/xn--gsto-0ra.ch\/wp-content\/uploads\/2026\/02\/7.png","datePublished":"2026-02-10T11:21:13+00:00","dateModified":"2026-02-13T09:50:07+00:00","breadcrumb":{"@id":"https:\/\/xn--gsto-0ra.ch\/fr\/produit\/colomba-pascale-artisanale-au-chocolat-blanc\/#breadcrumb"},"inLanguage":"fr-FR","potentialAction":[{"@type":"ReadAction","target":["https:\/\/xn--gsto-0ra.ch\/fr\/produit\/colomba-pascale-artisanale-au-chocolat-blanc\/"]}]},{"@type":"ImageObject","inLanguage":"fr-FR","@id":"https:\/\/xn--gsto-0ra.ch\/fr\/produit\/colomba-pascale-artisanale-au-chocolat-blanc\/#primaryimage","url":"https:\/\/xn--gsto-0ra.ch\/wp-content\/uploads\/2026\/02\/7.png","contentUrl":"https:\/\/xn--gsto-0ra.ch\/wp-content\/uploads\/2026\/02\/7.png","width":1000,"height":1000},{"@type":"BreadcrumbList","@id":"https:\/\/xn--gsto-0ra.ch\/fr\/produit\/colomba-pascale-artisanale-au-chocolat-blanc\/#breadcrumb","itemListElement":[{"@type":"ListItem","position":1,"name":"Home","item":"https:\/\/xn--gsto-0ra.ch\/fr\/"},{"@type":"ListItem","position":2,"name":"Boutique","item":"https:\/\/xn--gsto-0ra.ch\/fr\/boutique\/"},{"@type":"ListItem","position":3,"name":"Colomba Pascale Artisanale au Chocolat Blanc"}]},{"@type":"WebSite","@id":"https:\/\/xn--gsto-0ra.ch\/fr\/#website","url":"https:\/\/xn--gsto-0ra.ch\/fr\/","name":"g\u00fcsto.ch","description":"","publisher":{"@id":"https:\/\/xn--gsto-0ra.ch\/fr\/#organization"},"potentialAction":[{"@type":"SearchAction","target":{"@type":"EntryPoint","urlTemplate":"https:\/\/xn--gsto-0ra.ch\/fr\/?s={search_term_string}"},"query-input":{"@type":"PropertyValueSpecification","valueRequired":true,"valueName":"search_term_string"}}],"inLanguage":"fr-FR"},{"@type":"Organization","@id":"https:\/\/xn--gsto-0ra.ch\/fr\/#organization","name":"G\u00fcsto | Naturalmente artigianale","url":"https:\/\/xn--gsto-0ra.ch\/fr\/","logo":{"@type":"ImageObject","inLanguage":"fr-FR","@id":"https:\/\/xn--gsto-0ra.ch\/fr\/#\/schema\/logo\/image\/","url":"https:\/\/xn--gsto-0ra.ch\/wp-content\/uploads\/2026\/01\/Gusto-logo.webp","contentUrl":"https:\/\/xn--gsto-0ra.ch\/wp-content\/uploads\/2026\/01\/Gusto-logo.webp","width":200,"height":94,"caption":"G\u00fcsto | Naturalmente artigianale"},"image":{"@id":"https:\/\/xn--gsto-0ra.ch\/fr\/#\/schema\/logo\/image\/"},"sameAs":["https:\/\/www.facebook.com\/gustonaturalmenteartigianale\/","https:\/\/www.instagram.com\/gusto_naturalmente_artigianale\/"]}]}},"uagb_featured_image_src":{"full":["https:\/\/xn--gsto-0ra.ch\/wp-content\/uploads\/2026\/02\/7.png",1000,1000,false],"thumbnail":["https:\/\/xn--gsto-0ra.ch\/wp-content\/uploads\/2026\/02\/7-150x150.png",150,150,true],"medium":["https:\/\/xn--gsto-0ra.ch\/wp-content\/uploads\/2026\/02\/7-300x300.png",300,300,true],"medium_large":["https:\/\/xn--gsto-0ra.ch\/wp-content\/uploads\/2026\/02\/7-768x768.png",768,768,true],"large":["https:\/\/xn--gsto-0ra.ch\/wp-content\/uploads\/2026\/02\/7.png",1000,1000,false],"1536x1536":["https:\/\/xn--gsto-0ra.ch\/wp-content\/uploads\/2026\/02\/7.png",1000,1000,false],"2048x2048":["https:\/\/xn--gsto-0ra.ch\/wp-content\/uploads\/2026\/02\/7.png",1000,1000,false],"woocommerce_thumbnail":["https:\/\/xn--gsto-0ra.ch\/wp-content\/uploads\/2026\/02\/7-300x300.png",300,300,true],"woocommerce_single":["https:\/\/xn--gsto-0ra.ch\/wp-content\/uploads\/2026\/02\/7-600x600.png",600,600,true],"woocommerce_gallery_thumbnail":["https:\/\/xn--gsto-0ra.ch\/wp-content\/uploads\/2026\/02\/7-100x100.png",100,100,true]},"uagb_author_info":{"display_name":"giuseppe.cantoni.marketer@gmail.com","author_link":"https:\/\/xn--gsto-0ra.ch\/fr\/author\/"},"uagb_comment_info":0,"uagb_excerpt":"Colomba pascale artisanale \u00e0 levage naturel, moelleuse et parfum\u00e9e, napp\u00e9e de chocolat blanc, pr\u00e9par\u00e9e avec des ingr\u00e9dients s\u00e9lectionn\u00e9s selon la recette traditionnelle, incluant une cr\u00e8me \u00e0 tartiner aux amandes. Parfaite \u00e0 partager ou \u00e0 offrir. S\u00c9LECTIONNEZ LE POIDS SOUHAIT\u00c9 :","jetpack_sharing_enabled":true,"_links":{"self":[{"href":"https:\/\/xn--gsto-0ra.ch\/fr\/wp-json\/wp\/v2\/product\/6089","targetHints":{"allow":["GET"]}}],"collection":[{"href":"https:\/\/xn--gsto-0ra.ch\/fr\/wp-json\/wp\/v2\/product"}],"about":[{"href":"https:\/\/xn--gsto-0ra.ch\/fr\/wp-json\/wp\/v2\/types\/product"}],"wp:featuredmedia":[{"embeddable":true,"href":"https:\/\/xn--gsto-0ra.ch\/fr\/wp-json\/wp\/v2\/media\/6236"}],"wp:attachment":[{"href":"https:\/\/xn--gsto-0ra.ch\/fr\/wp-json\/wp\/v2\/media?parent=6089"}],"wp:term":[{"taxonomy":"product_brand","embeddable":true,"href":"https:\/\/xn--gsto-0ra.ch\/fr\/wp-json\/wp\/v2\/product_brand?post=6089"},{"taxonomy":"product_cat","embeddable":true,"href":"https:\/\/xn--gsto-0ra.ch\/fr\/wp-json\/wp\/v2\/product_cat?post=6089"},{"taxonomy":"product_tag","embeddable":true,"href":"https:\/\/xn--gsto-0ra.ch\/fr\/wp-json\/wp\/v2\/product_tag?post=6089"}],"curies":[{"name":"wp","href":"https:\/\/api.w.org\/{rel}","templated":true}]}}