{"id":6855,"date":"2026-03-26T08:27:02","date_gmt":"2026-03-26T08:27:02","guid":{"rendered":"https:\/\/xn--gsto-0ra.ch\/product\/box-mystery\/"},"modified":"2026-03-26T08:35:15","modified_gmt":"2026-03-26T08:35:15","slug":"box-mystery","status":"publish","type":"product","link":"https:\/\/xn--gsto-0ra.ch\/fr\/produit\/box-mystery\/","title":{"rendered":"BOX Mystery"},"content":{"rendered":"<p data-start=\"437\" data-end=\"512\">Une s\u00e9lection \u00e9l\u00e9gante pens\u00e9e pour ceux qui aiment se laisser surprendre par les saveurs.<\/p>\n<p data-start=\"514\" data-end=\"647\">La Mystery Box G\u00fcsto contient 4 colombes artisanales de 100 g chacune, r\u00e9alis\u00e9es avec levain naturel et ingr\u00e9dients s\u00e9lectionn\u00e9s.<\/p>\n<p data-start=\"649\" data-end=\"778\">Les saveurs sont s\u00e9lectionn\u00e9es al\u00e9atoirement parmi nos variantes disponibles, pour offrir \u00e0 chaque fois une exp\u00e9rience diff\u00e9rente et unique.<\/p>\n<p data-start=\"780\" data-end=\"797\">Vous pourriez trouver :<\/p>\n<p data-start=\"799\" data-end=\"896\"><strong>Colomba Classique<\/strong><br data-start=\"815\" data-end=\"818\" \/>P\u00e2te moelleuse traditionnelle aux amandes de Sicile et orange confite fra\u00eeche.<\/p>\n<p data-start=\"898\" data-end=\"1016\"><strong>Colomba au Chocolat<\/strong><br data-start=\"919\" data-end=\"922\" \/>Recouverte de chocolat et enrichie de p\u00e9pites de chocolat pour un go\u00fbt intense et enveloppant.<\/p>\n<p data-start=\"1018\" data-end=\"1116\"><strong>Colomba au Chocolat Blanc<\/strong><br data-start=\"1046\" data-end=\"1049\" \/>Couverture au chocolat blanc pour une exp\u00e9rience encore plus gourmande.<\/p>\n<p data-start=\"1118\" data-end=\"1224\"><strong>Colomba \u00e0 la Pistache<\/strong><br data-start=\"1139\" data-end=\"1142\" \/>Recouverte de cr\u00e8me \u00e0 la pistache et d\u00e9cor\u00e9e d&rsquo;\u00e9clats de pistache de Bronte.<\/p>\n<p data-start=\"1226\" data-end=\"1278\"><em>Note : les saveurs sont assorties et non s\u00e9lectionnables.<\/em><\/p>\n","protected":false},"excerpt":{"rendered":"<p>Un voyage dans les saveurs italiennes sign\u00e9 G\u00fcsto\u2026 surprise. La Mystery Box comprend 4 colombes artisanales de 100 g aux saveurs assorties, s\u00e9lectionn\u00e9es al\u00e9atoirement. Parfaite pour ceux qui aiment d\u00e9couvrir et se laisser surprendre.<\/p>\n","protected":false},"featured_media":6847,"template":"","meta":{"_uag_custom_page_level_css":"","site-sidebar-layout":"default","site-content-layout":"","ast-site-content-layout":"default","site-content-style":"default","site-sidebar-style":"default","ast-global-header-display":"","ast-banner-title-visibility":"","ast-main-header-display":"","ast-hfb-above-header-display":"","ast-hfb-below-header-display":"","ast-hfb-mobile-header-display":"","site-post-title":"","ast-breadcrumbs-content":"","ast-featured-img":"","footer-sml-layout":"","ast-disable-related-posts":"","theme-transparent-header-meta":"default","adv-header-id-meta":"","stick-header-meta":"","header-above-stick-meta":"","header-main-stick-meta":"","header-below-stick-meta":"","astra-migrate-meta-layouts":"set","ast-page-background-enabled":"default","ast-page-background-meta":{"desktop":{"background-color":"","background-image":"","background-repeat":"repeat","background-position":"center center","background-size":"auto","background-attachment":"scroll","background-type":"","background-media":"","overlay-type":"","overlay-color":"","overlay-opacity":"","overlay-gradient":""},"tablet":{"background-color":"","background-image":"","background-repeat":"repeat","background-position":"center center","background-size":"auto","background-attachment":"scroll","background-type":"","background-media":"","overlay-type":"","overlay-color":"","overlay-opacity":"","overlay-gradient":""},"mobile":{"background-color":"","background-image":"","background-repeat":"repeat","background-position":"center center","background-size":"auto","background-attachment":"scroll","background-type":"","background-media":"","overlay-type":"","overlay-color":"","overlay-opacity":"","overlay-gradient":""}},"ast-content-background-meta":{"desktop":{"background-color":"var(--ast-global-color-5)","background-image":"","background-repeat":"repeat","background-position":"center center","background-size":"auto","background-attachment":"scroll","background-type":"","background-media":"","overlay-type":"","overlay-color":"","overlay-opacity":"","overlay-gradient":""},"tablet":{"background-color":"var(--ast-global-color-5)","background-image":"","background-repeat":"repeat","background-position":"center center","background-size":"auto","background-attachment":"scroll","background-type":"","background-media":"","overlay-type":"","overlay-color":"","overlay-opacity":"","overlay-gradient":""},"mobile":{"background-color":"var(--ast-global-color-5)","background-image":"","background-repeat":"repeat","background-position":"center center","background-size":"auto","background-attachment":"scroll","background-type":"","background-media":"","overlay-type":"","overlay-color":"","overlay-opacity":"","overlay-gradient":""}}},"product_brand":[],"product_cat":[74,45],"product_tag":[],"class_list":{"0":"post-6855","1":"product","2":"type-product","3":"status-publish","4":"has-post-thumbnail","6":"product_cat-box-degustation","7":"product_cat-colombes","8":"desktop-align-center","9":"tablet-align-center","10":"mobile-align-center","12":"first","13":"outofstock","14":"sale","15":"shipping-taxable","16":"purchasable","17":"product-type-simple"},"yoast_head":"<!-- This site is optimized with the Yoast SEO plugin v27.5 - https:\/\/yoast.com\/product\/yoast-seo-wordpress\/ -->\n<title>Box Colombes Artisanales Assorties | Mystery Box de P\u00e2ques G\u00fcsto<\/title>\n<meta name=\"description\" content=\"D\u00e9couvrez la Mystery Box G\u00fcsto : 4 colombes artisanales de 100 g aux saveurs assorties surprise. Qualit\u00e9 italienne, livraison dans toute la Suisse. Commandez maintenant !\" \/>\n<meta name=\"robots\" content=\"index, follow, max-snippet:-1, max-image-preview:large, max-video-preview:-1\" \/>\n<link rel=\"canonical\" href=\"https:\/\/xn--gsto-0ra.ch\/fr\/produit\/box-mystery\/\" \/>\n<meta property=\"og:locale\" content=\"fr_FR\" \/>\n<meta property=\"og:type\" content=\"article\" \/>\n<meta property=\"og:title\" content=\"Box Colombes Artisanales Assorties | Mystery Box de P\u00e2ques G\u00fcsto\" \/>\n<meta property=\"og:description\" content=\"D\u00e9couvrez la Mystery Box G\u00fcsto : 4 colombes artisanales de 100 g aux saveurs assorties surprise. Qualit\u00e9 italienne, livraison dans toute la Suisse. Commandez maintenant !\" \/>\n<meta property=\"og:url\" content=\"https:\/\/xn--gsto-0ra.ch\/fr\/produit\/box-mystery\/\" \/>\n<meta property=\"og:site_name\" content=\"g\u00fcsto.ch\" \/>\n<meta property=\"article:publisher\" content=\"https:\/\/www.facebook.com\/gustonaturalmenteartigianale\/\" \/>\n<meta property=\"article:modified_time\" content=\"2026-03-26T08:35:15+00:00\" \/>\n<meta property=\"og:image\" content=\"https:\/\/xn--gsto-0ra.ch\/wp-content\/uploads\/2026\/03\/1fr-1.webp\" \/>\n\t<meta property=\"og:image:width\" content=\"1000\" \/>\n\t<meta property=\"og:image:height\" content=\"1000\" \/>\n\t<meta property=\"og:image:type\" content=\"image\/webp\" \/>\n<meta name=\"twitter:card\" content=\"summary_large_image\" \/>\n<meta name=\"twitter:label1\" content=\"Dur\u00e9e de lecture estim\u00e9e\" \/>\n\t<meta name=\"twitter:data1\" content=\"1 minute\" \/>\n<script type=\"application\/ld+json\" class=\"yoast-schema-graph\">{\"@context\":\"https:\\\/\\\/schema.org\",\"@graph\":[{\"@type\":\"WebPage\",\"@id\":\"https:\\\/\\\/xn--gsto-0ra.ch\\\/fr\\\/produit\\\/box-mystery\\\/\",\"url\":\"https:\\\/\\\/xn--gsto-0ra.ch\\\/fr\\\/produit\\\/box-mystery\\\/\",\"name\":\"Box Colombes Artisanales Assorties | Mystery Box de P\u00e2ques G\u00fcsto\",\"isPartOf\":{\"@id\":\"https:\\\/\\\/xn--gsto-0ra.ch\\\/fr\\\/#website\"},\"primaryImageOfPage\":{\"@id\":\"https:\\\/\\\/xn--gsto-0ra.ch\\\/fr\\\/produit\\\/box-mystery\\\/#primaryimage\"},\"image\":{\"@id\":\"https:\\\/\\\/xn--gsto-0ra.ch\\\/fr\\\/produit\\\/box-mystery\\\/#primaryimage\"},\"thumbnailUrl\":\"https:\\\/\\\/xn--gsto-0ra.ch\\\/wp-content\\\/uploads\\\/2026\\\/03\\\/1fr-1.webp\",\"datePublished\":\"2026-03-26T08:27:02+00:00\",\"dateModified\":\"2026-03-26T08:35:15+00:00\",\"description\":\"D\u00e9couvrez la Mystery Box G\u00fcsto : 4 colombes artisanales de 100 g aux saveurs assorties surprise. Qualit\u00e9 italienne, livraison dans toute la Suisse. Commandez maintenant !\",\"breadcrumb\":{\"@id\":\"https:\\\/\\\/xn--gsto-0ra.ch\\\/fr\\\/produit\\\/box-mystery\\\/#breadcrumb\"},\"inLanguage\":\"fr-FR\",\"potentialAction\":[{\"@type\":\"ReadAction\",\"target\":[\"https:\\\/\\\/xn--gsto-0ra.ch\\\/fr\\\/produit\\\/box-mystery\\\/\"]}]},{\"@type\":\"ImageObject\",\"inLanguage\":\"fr-FR\",\"@id\":\"https:\\\/\\\/xn--gsto-0ra.ch\\\/fr\\\/produit\\\/box-mystery\\\/#primaryimage\",\"url\":\"https:\\\/\\\/xn--gsto-0ra.ch\\\/wp-content\\\/uploads\\\/2026\\\/03\\\/1fr-1.webp\",\"contentUrl\":\"https:\\\/\\\/xn--gsto-0ra.ch\\\/wp-content\\\/uploads\\\/2026\\\/03\\\/1fr-1.webp\",\"width\":1000,\"height\":1000},{\"@type\":\"BreadcrumbList\",\"@id\":\"https:\\\/\\\/xn--gsto-0ra.ch\\\/fr\\\/produit\\\/box-mystery\\\/#breadcrumb\",\"itemListElement\":[{\"@type\":\"ListItem\",\"position\":1,\"name\":\"Home\",\"item\":\"https:\\\/\\\/xn--gsto-0ra.ch\\\/fr\\\/\"},{\"@type\":\"ListItem\",\"position\":2,\"name\":\"Boutique\",\"item\":\"https:\\\/\\\/xn--gsto-0ra.ch\\\/fr\\\/boutique\\\/\"},{\"@type\":\"ListItem\",\"position\":3,\"name\":\"BOX Mystery\"}]},{\"@type\":\"WebSite\",\"@id\":\"https:\\\/\\\/xn--gsto-0ra.ch\\\/fr\\\/#website\",\"url\":\"https:\\\/\\\/xn--gsto-0ra.ch\\\/fr\\\/\",\"name\":\"g\u00fcsto.ch\",\"description\":\"\",\"publisher\":{\"@id\":\"https:\\\/\\\/xn--gsto-0ra.ch\\\/fr\\\/#organization\"},\"potentialAction\":[{\"@type\":\"SearchAction\",\"target\":{\"@type\":\"EntryPoint\",\"urlTemplate\":\"https:\\\/\\\/xn--gsto-0ra.ch\\\/fr\\\/?s={search_term_string}\"},\"query-input\":{\"@type\":\"PropertyValueSpecification\",\"valueRequired\":true,\"valueName\":\"search_term_string\"}}],\"inLanguage\":\"fr-FR\"},{\"@type\":\"Organization\",\"@id\":\"https:\\\/\\\/xn--gsto-0ra.ch\\\/fr\\\/#organization\",\"name\":\"G\u00fcsto | Naturalmente artigianale\",\"url\":\"https:\\\/\\\/xn--gsto-0ra.ch\\\/fr\\\/\",\"logo\":{\"@type\":\"ImageObject\",\"inLanguage\":\"fr-FR\",\"@id\":\"https:\\\/\\\/xn--gsto-0ra.ch\\\/fr\\\/#\\\/schema\\\/logo\\\/image\\\/\",\"url\":\"https:\\\/\\\/xn--gsto-0ra.ch\\\/wp-content\\\/uploads\\\/2026\\\/01\\\/Gusto-logo.webp\",\"contentUrl\":\"https:\\\/\\\/xn--gsto-0ra.ch\\\/wp-content\\\/uploads\\\/2026\\\/01\\\/Gusto-logo.webp\",\"width\":200,\"height\":94,\"caption\":\"G\u00fcsto | Naturalmente artigianale\"},\"image\":{\"@id\":\"https:\\\/\\\/xn--gsto-0ra.ch\\\/fr\\\/#\\\/schema\\\/logo\\\/image\\\/\"},\"sameAs\":[\"https:\\\/\\\/www.facebook.com\\\/gustonaturalmenteartigianale\\\/\",\"https:\\\/\\\/www.instagram.com\\\/gusto_naturalmente_artigianale\\\/\"]}]}<\/script>\n<!-- \/ Yoast SEO plugin. -->","yoast_head_json":{"title":"Box Colombes Artisanales Assorties | Mystery Box de P\u00e2ques G\u00fcsto","description":"D\u00e9couvrez la Mystery Box G\u00fcsto : 4 colombes artisanales de 100 g aux saveurs assorties surprise. Qualit\u00e9 italienne, livraison dans toute la Suisse. Commandez maintenant !","robots":{"index":"index","follow":"follow","max-snippet":"max-snippet:-1","max-image-preview":"max-image-preview:large","max-video-preview":"max-video-preview:-1"},"canonical":"https:\/\/xn--gsto-0ra.ch\/fr\/produit\/box-mystery\/","og_locale":"fr_FR","og_type":"article","og_title":"Box Colombes Artisanales Assorties | Mystery Box de P\u00e2ques G\u00fcsto","og_description":"D\u00e9couvrez la Mystery Box G\u00fcsto : 4 colombes artisanales de 100 g aux saveurs assorties surprise. Qualit\u00e9 italienne, livraison dans toute la Suisse. Commandez maintenant !","og_url":"https:\/\/xn--gsto-0ra.ch\/fr\/produit\/box-mystery\/","og_site_name":"g\u00fcsto.ch","article_publisher":"https:\/\/www.facebook.com\/gustonaturalmenteartigianale\/","article_modified_time":"2026-03-26T08:35:15+00:00","og_image":[{"width":1000,"height":1000,"url":"https:\/\/xn--gsto-0ra.ch\/wp-content\/uploads\/2026\/03\/1fr-1.webp","type":"image\/webp"}],"twitter_card":"summary_large_image","twitter_misc":{"Dur\u00e9e de lecture estim\u00e9e":"1 minute"},"schema":{"@context":"https:\/\/schema.org","@graph":[{"@type":"WebPage","@id":"https:\/\/xn--gsto-0ra.ch\/fr\/produit\/box-mystery\/","url":"https:\/\/xn--gsto-0ra.ch\/fr\/produit\/box-mystery\/","name":"Box Colombes Artisanales Assorties | Mystery Box de P\u00e2ques G\u00fcsto","isPartOf":{"@id":"https:\/\/xn--gsto-0ra.ch\/fr\/#website"},"primaryImageOfPage":{"@id":"https:\/\/xn--gsto-0ra.ch\/fr\/produit\/box-mystery\/#primaryimage"},"image":{"@id":"https:\/\/xn--gsto-0ra.ch\/fr\/produit\/box-mystery\/#primaryimage"},"thumbnailUrl":"https:\/\/xn--gsto-0ra.ch\/wp-content\/uploads\/2026\/03\/1fr-1.webp","datePublished":"2026-03-26T08:27:02+00:00","dateModified":"2026-03-26T08:35:15+00:00","description":"D\u00e9couvrez la Mystery Box G\u00fcsto : 4 colombes artisanales de 100 g aux saveurs assorties surprise. Qualit\u00e9 italienne, livraison dans toute la Suisse. Commandez maintenant !","breadcrumb":{"@id":"https:\/\/xn--gsto-0ra.ch\/fr\/produit\/box-mystery\/#breadcrumb"},"inLanguage":"fr-FR","potentialAction":[{"@type":"ReadAction","target":["https:\/\/xn--gsto-0ra.ch\/fr\/produit\/box-mystery\/"]}]},{"@type":"ImageObject","inLanguage":"fr-FR","@id":"https:\/\/xn--gsto-0ra.ch\/fr\/produit\/box-mystery\/#primaryimage","url":"https:\/\/xn--gsto-0ra.ch\/wp-content\/uploads\/2026\/03\/1fr-1.webp","contentUrl":"https:\/\/xn--gsto-0ra.ch\/wp-content\/uploads\/2026\/03\/1fr-1.webp","width":1000,"height":1000},{"@type":"BreadcrumbList","@id":"https:\/\/xn--gsto-0ra.ch\/fr\/produit\/box-mystery\/#breadcrumb","itemListElement":[{"@type":"ListItem","position":1,"name":"Home","item":"https:\/\/xn--gsto-0ra.ch\/fr\/"},{"@type":"ListItem","position":2,"name":"Boutique","item":"https:\/\/xn--gsto-0ra.ch\/fr\/boutique\/"},{"@type":"ListItem","position":3,"name":"BOX Mystery"}]},{"@type":"WebSite","@id":"https:\/\/xn--gsto-0ra.ch\/fr\/#website","url":"https:\/\/xn--gsto-0ra.ch\/fr\/","name":"g\u00fcsto.ch","description":"","publisher":{"@id":"https:\/\/xn--gsto-0ra.ch\/fr\/#organization"},"potentialAction":[{"@type":"SearchAction","target":{"@type":"EntryPoint","urlTemplate":"https:\/\/xn--gsto-0ra.ch\/fr\/?s={search_term_string}"},"query-input":{"@type":"PropertyValueSpecification","valueRequired":true,"valueName":"search_term_string"}}],"inLanguage":"fr-FR"},{"@type":"Organization","@id":"https:\/\/xn--gsto-0ra.ch\/fr\/#organization","name":"G\u00fcsto | Naturalmente artigianale","url":"https:\/\/xn--gsto-0ra.ch\/fr\/","logo":{"@type":"ImageObject","inLanguage":"fr-FR","@id":"https:\/\/xn--gsto-0ra.ch\/fr\/#\/schema\/logo\/image\/","url":"https:\/\/xn--gsto-0ra.ch\/wp-content\/uploads\/2026\/01\/Gusto-logo.webp","contentUrl":"https:\/\/xn--gsto-0ra.ch\/wp-content\/uploads\/2026\/01\/Gusto-logo.webp","width":200,"height":94,"caption":"G\u00fcsto | Naturalmente artigianale"},"image":{"@id":"https:\/\/xn--gsto-0ra.ch\/fr\/#\/schema\/logo\/image\/"},"sameAs":["https:\/\/www.facebook.com\/gustonaturalmenteartigianale\/","https:\/\/www.instagram.com\/gusto_naturalmente_artigianale\/"]}]}},"uagb_featured_image_src":{"full":["https:\/\/xn--gsto-0ra.ch\/wp-content\/uploads\/2026\/03\/1fr-1.webp",1000,1000,false],"thumbnail":["https:\/\/xn--gsto-0ra.ch\/wp-content\/uploads\/2026\/03\/1fr-1-150x150.webp",150,150,true],"medium":["https:\/\/xn--gsto-0ra.ch\/wp-content\/uploads\/2026\/03\/1fr-1-300x300.webp",300,300,true],"medium_large":["https:\/\/xn--gsto-0ra.ch\/wp-content\/uploads\/2026\/03\/1fr-1-768x768.webp",768,768,true],"large":["https:\/\/xn--gsto-0ra.ch\/wp-content\/uploads\/2026\/03\/1fr-1.webp",1000,1000,false],"1536x1536":["https:\/\/xn--gsto-0ra.ch\/wp-content\/uploads\/2026\/03\/1fr-1.webp",1000,1000,false],"2048x2048":["https:\/\/xn--gsto-0ra.ch\/wp-content\/uploads\/2026\/03\/1fr-1.webp",1000,1000,false],"woocommerce_thumbnail":["https:\/\/xn--gsto-0ra.ch\/wp-content\/uploads\/2026\/03\/1fr-1-300x300.webp",300,300,true],"woocommerce_single":["https:\/\/xn--gsto-0ra.ch\/wp-content\/uploads\/2026\/03\/1fr-1-600x600.webp",600,600,true],"woocommerce_gallery_thumbnail":["https:\/\/xn--gsto-0ra.ch\/wp-content\/uploads\/2026\/03\/1fr-1-100x100.webp",100,100,true]},"uagb_author_info":{"display_name":"giuseppe.cantoni.marketer@gmail.com","author_link":"https:\/\/xn--gsto-0ra.ch\/fr\/author\/"},"uagb_comment_info":0,"uagb_excerpt":"Un voyage dans les saveurs italiennes sign\u00e9 G\u00fcsto\u2026 surprise. La Mystery Box comprend 4 colombes artisanales de 100 g aux saveurs assorties, s\u00e9lectionn\u00e9es al\u00e9atoirement. Parfaite pour ceux qui aiment d\u00e9couvrir et se laisser surprendre.","jetpack_sharing_enabled":true,"_links":{"self":[{"href":"https:\/\/xn--gsto-0ra.ch\/fr\/wp-json\/wp\/v2\/product\/6855","targetHints":{"allow":["GET"]}}],"collection":[{"href":"https:\/\/xn--gsto-0ra.ch\/fr\/wp-json\/wp\/v2\/product"}],"about":[{"href":"https:\/\/xn--gsto-0ra.ch\/fr\/wp-json\/wp\/v2\/types\/product"}],"wp:featuredmedia":[{"embeddable":true,"href":"https:\/\/xn--gsto-0ra.ch\/fr\/wp-json\/wp\/v2\/media\/6847"}],"wp:attachment":[{"href":"https:\/\/xn--gsto-0ra.ch\/fr\/wp-json\/wp\/v2\/media?parent=6855"}],"wp:term":[{"taxonomy":"product_brand","embeddable":true,"href":"https:\/\/xn--gsto-0ra.ch\/fr\/wp-json\/wp\/v2\/product_brand?post=6855"},{"taxonomy":"product_cat","embeddable":true,"href":"https:\/\/xn--gsto-0ra.ch\/fr\/wp-json\/wp\/v2\/product_cat?post=6855"},{"taxonomy":"product_tag","embeddable":true,"href":"https:\/\/xn--gsto-0ra.ch\/fr\/wp-json\/wp\/v2\/product_tag?post=6855"}],"curies":[{"name":"wp","href":"https:\/\/api.w.org\/{rel}","templated":true}]}}